{"id":60314,"date":"2023-01-11T12:32:00","date_gmt":"2023-01-11T12:32:00","guid":{"rendered":"https:\/\/ilmoliulampar.is\/?post_type=product&#038;p=60314"},"modified":"2026-02-12T14:59:17","modified_gmt":"2026-02-12T14:59:17","slug":"veremundo-home-afylling-i-ilmstangir-500-ml","status":"publish","type":"product","link":"https:\/\/ilmoliulampar.is\/en_gb\/product\/veremundo-home-afylling-i-ilmstangir-500-ml\/","title":{"rendered":"Veremundo Home | \u00c1fylling \u00ed ilmstangir &#8211; 500 ml"},"content":{"rendered":"","protected":false},"excerpt":{"rendered":"<p>\u00c1fylling \u00ed Veremundo Home ilmstangirnar.<\/p>\n<p>Handger\u00f0 \u201eorganic\u201c ilm l\u00edna, 500 ml<\/p>\n<p>6 mismunandi ilmir:<\/p>\n<ul>\n<li>Camomila &amp; Lavender<\/li>\n<li>Wild Berries<\/li>\n<li>Orange &amp; Cinnamon<\/li>\n<li>Vanilla &amp; Ceylan Cinnamon<\/li>\n<li>Aloe Vera<\/li>\n<li>Cotton Dreams<\/li>\n<\/ul>","protected":false},"featured_media":60315,"comment_status":"open","ping_status":"closed","template":"","meta":[],"product_brand":[],"product_cat":[123,200,180],"product_tag":[],"class_list":{"0":"post-60314","1":"product","2":"type-product","3":"status-publish","4":"has-post-thumbnail","6":"product_cat-ilmstangir","7":"product_cat-ilmstangir-oliur","8":"product_cat-ilmvorur","10":"first","11":"instock","12":"shipping-taxable","13":"purchasable","14":"product-type-variable"},"_links":{"self":[{"href":"https:\/\/ilmoliulampar.is\/en_gb\/wp-json\/wp\/v2\/product\/60314","targetHints":{"allow":["GET"]}}],"collection":[{"href":"https:\/\/ilmoliulampar.is\/en_gb\/wp-json\/wp\/v2\/product"}],"about":[{"href":"https:\/\/ilmoliulampar.is\/en_gb\/wp-json\/wp\/v2\/types\/product"}],"replies":[{"embeddable":true,"href":"https:\/\/ilmoliulampar.is\/en_gb\/wp-json\/wp\/v2\/comments?post=60314"}],"wp:featuredmedia":[{"embeddable":true,"href":"https:\/\/ilmoliulampar.is\/en_gb\/wp-json\/wp\/v2\/media\/60315"}],"wp:attachment":[{"href":"https:\/\/ilmoliulampar.is\/en_gb\/wp-json\/wp\/v2\/media?parent=60314"}],"wp:term":[{"taxonomy":"product_brand","embeddable":true,"href":"https:\/\/ilmoliulampar.is\/en_gb\/wp-json\/wp\/v2\/product_brand?post=60314"},{"taxonomy":"product_cat","embeddable":true,"href":"https:\/\/ilmoliulampar.is\/en_gb\/wp-json\/wp\/v2\/product_cat?post=60314"},{"taxonomy":"product_tag","embeddable":true,"href":"https:\/\/ilmoliulampar.is\/en_gb\/wp-json\/wp\/v2\/product_tag?post=60314"}],"curies":[{"name":"wp","href":"https:\/\/api.w.org\/{rel}","templated":true}]}}