{"id":60452,"date":"2024-07-10T12:05:34","date_gmt":"2024-07-10T12:05:34","guid":{"rendered":"https:\/\/ilmoliulampar.is\/?post_type=product&#038;p=60452"},"modified":"2025-02-13T12:09:00","modified_gmt":"2025-02-13T12:09:00","slug":"smilekit-tannhvittunarstrimlar","status":"publish","type":"product","link":"https:\/\/ilmoliulampar.is\/en_gb\/product\/smilekit-tannhvittunarstrimlar\/","title":{"rendered":"SmileKit &#8211; Tannhv\u00edttunarstrimlar"},"content":{"rendered":"","protected":false},"excerpt":{"rendered":"<p>Smilekit er \u00f6rugg og \u00e1hrifar\u00edk tannhv\u00edttunar me\u00f0fer\u00f0 heima!<\/p>\n<p>Skref 1.<\/p>\n<p>-\u00cd hverjum kassa m\u00e1 finna 14 br\u00e9f. Hvert inniheldur tvo strimla, einn fyrir efri g\u00f3m (lengri) og einn fyrir ne\u00f0ri g\u00f3m (styttri).<br \/>\n-R\u00edf\u00f0u me\u00f0fram br\u00e9finu til a\u00f0 n\u00e1 strimlunum \u00far.<br \/>\n-Taktu strimilinn af plastfilmunni og sn\u00fa\u00f0u hli\u00f0inni me\u00f0 gelinu a\u00f0 t\u00f6nnunum.<\/p>\n<p>Skref 2.<\/p>\n<p>-Til a\u00f0 n\u00e1 sem bestum \u00e1rangri skaltu \u00feurrka tennurnar \u00e1\u00f0ur en \u00fe\u00fa leggur strimlana \u00e1 tennurnar.<br \/>\n-\u00ddttu varlega \u00e1 strimilinn me\u00f0 fingrunum til a\u00f0 festa hann \u00e1 tennurnar.<br \/>\n-S\u00e1 partur sem n\u00e6r ekki yfir tennurnar, getur \u00fe\u00fa beygla\u00f0 og sett fyrir aftan tennurnar. \u00dea\u00f0 heldur strimlinum f\u00f6stum \u00e1 t\u00f6nnunum.<\/p>\n<ul>\n<li>Ekki bor\u00f0a e\u00f0a drekka \u00e1 \u00feessum t\u00edma \u00fear sem \u00fea\u00f0 getur hreyft e\u00f0a losa\u00f0 um strimlana.<\/li>\n<\/ul>\n<p>Skref 3.<\/p>\n<p>-Vertu me\u00f0 strimlana \u00e1 t\u00f6nnunum \u00ed 30 m\u00edn\u00fatur \u00ed senn.<br \/>\n-Fjarl\u00e6g\u00f0u s\u00ed\u00f0an strimlana og hreinsa\u00f0u afgangs gel af t\u00f6nnum me\u00f0 \u00fev\u00ed a\u00f0 bursta tennurnar eftir notkun.<\/p>\n<p>Endurtaktu \u00feetta daglega \u00ed 14 daga fyrir hv\u00edtari tennur!<\/p>\n<ul>\n<li><span class=\"a-size-base po-break-word\">MAGN : 14 STRIMLAR \u00cd PAKKA<\/span><\/li>\n<li>EFNI : <span class=\"a-size-base po-break-word\">Phthalimidoperoxycaprioc acid (PAP)<\/span><\/li>\n<li><span class=\"a-size-base po-break-word\">CERTIFICATE : CE, GMP, MSDS<\/span><\/li>\n<li><span class=\"a-size-base po-break-word\">PEROXIDE FREE<\/span><\/li>\n<\/ul>","protected":false},"featured_media":60453,"comment_status":"open","ping_status":"closed","template":"","meta":[],"product_brand":[],"product_cat":[122],"product_tag":[],"class_list":{"0":"post-60452","1":"product","2":"type-product","3":"status-publish","4":"has-post-thumbnail","6":"product_cat-tannhvittun","8":"first","9":"outofstock","10":"sale","11":"shipping-taxable","12":"purchasable","13":"product-type-simple"},"_links":{"self":[{"href":"https:\/\/ilmoliulampar.is\/en_gb\/wp-json\/wp\/v2\/product\/60452","targetHints":{"allow":["GET"]}}],"collection":[{"href":"https:\/\/ilmoliulampar.is\/en_gb\/wp-json\/wp\/v2\/product"}],"about":[{"href":"https:\/\/ilmoliulampar.is\/en_gb\/wp-json\/wp\/v2\/types\/product"}],"replies":[{"embeddable":true,"href":"https:\/\/ilmoliulampar.is\/en_gb\/wp-json\/wp\/v2\/comments?post=60452"}],"wp:featuredmedia":[{"embeddable":true,"href":"https:\/\/ilmoliulampar.is\/en_gb\/wp-json\/wp\/v2\/media\/60453"}],"wp:attachment":[{"href":"https:\/\/ilmoliulampar.is\/en_gb\/wp-json\/wp\/v2\/media?parent=60452"}],"wp:term":[{"taxonomy":"product_brand","embeddable":true,"href":"https:\/\/ilmoliulampar.is\/en_gb\/wp-json\/wp\/v2\/product_brand?post=60452"},{"taxonomy":"product_cat","embeddable":true,"href":"https:\/\/ilmoliulampar.is\/en_gb\/wp-json\/wp\/v2\/product_cat?post=60452"},{"taxonomy":"product_tag","embeddable":true,"href":"https:\/\/ilmoliulampar.is\/en_gb\/wp-json\/wp\/v2\/product_tag?post=60452"}],"curies":[{"name":"wp","href":"https:\/\/api.w.org\/{rel}","templated":true}]}}