{"id":60510,"date":"2024-07-16T13:10:21","date_gmt":"2024-07-16T13:10:21","guid":{"rendered":"https:\/\/ilmoliulampar.is\/?post_type=product&#038;p=60510"},"modified":"2026-02-10T12:17:12","modified_gmt":"2026-02-10T12:17:12","slug":"berja-trio-ilmolia","status":"publish","type":"product","link":"https:\/\/ilmoliulampar.is\/en_gb\/product\/berja-trio-ilmolia\/","title":{"rendered":"BERJA TR\u00cd\u00d3"},"content":{"rendered":"","protected":false},"excerpt":{"rendered":"<p>Berja tr\u00ed\u00f3 er \u00f3tr\u00falega sumarlegur ilmur<br \/>\nBlanda af jar\u00f0aberjum &#8211; kirsuberjum &amp; bl\u00e1berjum.<\/p>\n<p>10 ml glas<\/p>","protected":false},"featured_media":60511,"comment_status":"open","ping_status":"closed","template":"","meta":[],"product_brand":[],"product_cat":[195],"product_tag":[],"class_list":{"0":"post-60510","1":"product","2":"type-product","3":"status-publish","4":"has-post-thumbnail","6":"product_cat-ilmoliur-oliur","8":"first","9":"outofstock","10":"shipping-taxable","11":"purchasable","12":"product-type-simple"},"_links":{"self":[{"href":"https:\/\/ilmoliulampar.is\/en_gb\/wp-json\/wp\/v2\/product\/60510","targetHints":{"allow":["GET"]}}],"collection":[{"href":"https:\/\/ilmoliulampar.is\/en_gb\/wp-json\/wp\/v2\/product"}],"about":[{"href":"https:\/\/ilmoliulampar.is\/en_gb\/wp-json\/wp\/v2\/types\/product"}],"replies":[{"embeddable":true,"href":"https:\/\/ilmoliulampar.is\/en_gb\/wp-json\/wp\/v2\/comments?post=60510"}],"wp:featuredmedia":[{"embeddable":true,"href":"https:\/\/ilmoliulampar.is\/en_gb\/wp-json\/wp\/v2\/media\/60511"}],"wp:attachment":[{"href":"https:\/\/ilmoliulampar.is\/en_gb\/wp-json\/wp\/v2\/media?parent=60510"}],"wp:term":[{"taxonomy":"product_brand","embeddable":true,"href":"https:\/\/ilmoliulampar.is\/en_gb\/wp-json\/wp\/v2\/product_brand?post=60510"},{"taxonomy":"product_cat","embeddable":true,"href":"https:\/\/ilmoliulampar.is\/en_gb\/wp-json\/wp\/v2\/product_cat?post=60510"},{"taxonomy":"product_tag","embeddable":true,"href":"https:\/\/ilmoliulampar.is\/en_gb\/wp-json\/wp\/v2\/product_tag?post=60510"}],"curies":[{"name":"wp","href":"https:\/\/api.w.org\/{rel}","templated":true}]}}