{"id":60646,"date":"2024-08-01T10:55:57","date_gmt":"2024-08-01T10:55:57","guid":{"rendered":"https:\/\/ilmoliulampar.is\/?post_type=product&#038;p=60646"},"modified":"2024-12-03T14:16:50","modified_gmt":"2024-12-03T14:16:50","slug":"glam-gorilla","status":"publish","type":"product","link":"https:\/\/ilmoliulampar.is\/en_gb\/product\/glam-gorilla\/","title":{"rendered":"&#8222;Glam&#8220; G\u00f3rilla"},"content":{"rendered":"","protected":false},"excerpt":{"rendered":"<p>\u00d3Tr\u00falega t\u00f6ff &amp; flott gorilla \u00ed gull jakka &amp; me\u00f0 gull derh\u00fafu.<\/p>\n<p>St\u00e6r\u00f0<br \/>\nH\u00e6\u00f0 : 26 cm<br \/>\nBreidd : 18,5 cm<br \/>\nD\u00fdpt : 18,5 cm<\/p>","protected":false},"featured_media":60650,"comment_status":"open","ping_status":"closed","template":"","meta":[],"product_brand":[],"product_cat":[132,251],"product_tag":[],"class_list":{"0":"post-60646","1":"product","2":"type-product","3":"status-publish","4":"has-post-thumbnail","6":"product_cat-heimilid-2","7":"product_cat-stytturogskulpturar","9":"first","10":"instock","11":"shipping-taxable","12":"purchasable","13":"product-type-simple"},"_links":{"self":[{"href":"https:\/\/ilmoliulampar.is\/en_gb\/wp-json\/wp\/v2\/product\/60646","targetHints":{"allow":["GET"]}}],"collection":[{"href":"https:\/\/ilmoliulampar.is\/en_gb\/wp-json\/wp\/v2\/product"}],"about":[{"href":"https:\/\/ilmoliulampar.is\/en_gb\/wp-json\/wp\/v2\/types\/product"}],"replies":[{"embeddable":true,"href":"https:\/\/ilmoliulampar.is\/en_gb\/wp-json\/wp\/v2\/comments?post=60646"}],"wp:featuredmedia":[{"embeddable":true,"href":"https:\/\/ilmoliulampar.is\/en_gb\/wp-json\/wp\/v2\/media\/60650"}],"wp:attachment":[{"href":"https:\/\/ilmoliulampar.is\/en_gb\/wp-json\/wp\/v2\/media?parent=60646"}],"wp:term":[{"taxonomy":"product_brand","embeddable":true,"href":"https:\/\/ilmoliulampar.is\/en_gb\/wp-json\/wp\/v2\/product_brand?post=60646"},{"taxonomy":"product_cat","embeddable":true,"href":"https:\/\/ilmoliulampar.is\/en_gb\/wp-json\/wp\/v2\/product_cat?post=60646"},{"taxonomy":"product_tag","embeddable":true,"href":"https:\/\/ilmoliulampar.is\/en_gb\/wp-json\/wp\/v2\/product_tag?post=60646"}],"curies":[{"name":"wp","href":"https:\/\/api.w.org\/{rel}","templated":true}]}}