{"id":60651,"date":"2024-08-01T10:58:13","date_gmt":"2024-08-01T10:58:13","guid":{"rendered":"https:\/\/ilmoliulampar.is\/?post_type=product&#038;p=60651"},"modified":"2025-11-24T17:40:47","modified_gmt":"2025-11-24T17:40:47","slug":"butler-standandi-bjorn-med-bakka","status":"publish","type":"product","link":"https:\/\/ilmoliulampar.is\/en_gb\/product\/butler-standandi-bjorn-med-bakka\/","title":{"rendered":"Butler &#8211; Standandi bj\u00f6rn me\u00f0 bakka"},"content":{"rendered":"","protected":false},"excerpt":{"rendered":"<p>\u00d3tr\u00falega flottur bj\u00f6rn me\u00f0 bakka<\/p>\n<p>St\u00e6r\u00f0<br \/>\nH\u00e6\u00f0 : 34,5<br \/>\nBreidd : 18 cm<br \/>\nD\u00fdpt : 15,5 cm<\/p>","protected":false},"featured_media":60652,"comment_status":"open","ping_status":"closed","template":"","meta":[],"product_brand":[],"product_cat":[132,230,251],"product_tag":[],"class_list":{"0":"post-60651","1":"product","2":"type-product","3":"status-publish","4":"has-post-thumbnail","6":"product_cat-heimilid-2","7":"product_cat-laekkadverd","8":"product_cat-stytturogskulpturar","10":"first","11":"instock","12":"sale","13":"shipping-taxable","14":"purchasable","15":"product-type-simple"},"_links":{"self":[{"href":"https:\/\/ilmoliulampar.is\/en_gb\/wp-json\/wp\/v2\/product\/60651","targetHints":{"allow":["GET"]}}],"collection":[{"href":"https:\/\/ilmoliulampar.is\/en_gb\/wp-json\/wp\/v2\/product"}],"about":[{"href":"https:\/\/ilmoliulampar.is\/en_gb\/wp-json\/wp\/v2\/types\/product"}],"replies":[{"embeddable":true,"href":"https:\/\/ilmoliulampar.is\/en_gb\/wp-json\/wp\/v2\/comments?post=60651"}],"wp:featuredmedia":[{"embeddable":true,"href":"https:\/\/ilmoliulampar.is\/en_gb\/wp-json\/wp\/v2\/media\/60652"}],"wp:attachment":[{"href":"https:\/\/ilmoliulampar.is\/en_gb\/wp-json\/wp\/v2\/media?parent=60651"}],"wp:term":[{"taxonomy":"product_brand","embeddable":true,"href":"https:\/\/ilmoliulampar.is\/en_gb\/wp-json\/wp\/v2\/product_brand?post=60651"},{"taxonomy":"product_cat","embeddable":true,"href":"https:\/\/ilmoliulampar.is\/en_gb\/wp-json\/wp\/v2\/product_cat?post=60651"},{"taxonomy":"product_tag","embeddable":true,"href":"https:\/\/ilmoliulampar.is\/en_gb\/wp-json\/wp\/v2\/product_tag?post=60651"}],"curies":[{"name":"wp","href":"https:\/\/api.w.org\/{rel}","templated":true}]}}