{"id":60710,"date":"2024-08-01T13:27:36","date_gmt":"2024-08-01T13:27:36","guid":{"rendered":"https:\/\/ilmoliulampar.is\/?post_type=product&#038;p=60710"},"modified":"2025-08-22T11:31:04","modified_gmt":"2025-08-22T11:31:04","slug":"ballerina","status":"publish","type":"product","link":"https:\/\/ilmoliulampar.is\/en_gb\/product\/ballerina\/","title":{"rendered":"Baller\u00edna"},"content":{"rendered":"","protected":false},"excerpt":{"rendered":"<p>\u00d3tr\u00falega flott Prima Baller\u00edna<\/p>\n<p>St\u00e6r\u00f0<br \/>\nH\u00e6\u00f0 : 35 cm<br \/>\nBreidd : 19 cm<br \/>\nD\u00fdpt : 19 cm<\/p>","protected":false},"featured_media":60717,"comment_status":"open","ping_status":"closed","template":"","meta":[],"product_brand":[],"product_cat":[132,251],"product_tag":[],"class_list":{"0":"post-60710","1":"product","2":"type-product","3":"status-publish","4":"has-post-thumbnail","6":"product_cat-heimilid-2","7":"product_cat-stytturogskulpturar","9":"first","10":"instock","11":"shipping-taxable","12":"purchasable","13":"product-type-simple"},"_links":{"self":[{"href":"https:\/\/ilmoliulampar.is\/en_gb\/wp-json\/wp\/v2\/product\/60710","targetHints":{"allow":["GET"]}}],"collection":[{"href":"https:\/\/ilmoliulampar.is\/en_gb\/wp-json\/wp\/v2\/product"}],"about":[{"href":"https:\/\/ilmoliulampar.is\/en_gb\/wp-json\/wp\/v2\/types\/product"}],"replies":[{"embeddable":true,"href":"https:\/\/ilmoliulampar.is\/en_gb\/wp-json\/wp\/v2\/comments?post=60710"}],"wp:featuredmedia":[{"embeddable":true,"href":"https:\/\/ilmoliulampar.is\/en_gb\/wp-json\/wp\/v2\/media\/60717"}],"wp:attachment":[{"href":"https:\/\/ilmoliulampar.is\/en_gb\/wp-json\/wp\/v2\/media?parent=60710"}],"wp:term":[{"taxonomy":"product_brand","embeddable":true,"href":"https:\/\/ilmoliulampar.is\/en_gb\/wp-json\/wp\/v2\/product_brand?post=60710"},{"taxonomy":"product_cat","embeddable":true,"href":"https:\/\/ilmoliulampar.is\/en_gb\/wp-json\/wp\/v2\/product_cat?post=60710"},{"taxonomy":"product_tag","embeddable":true,"href":"https:\/\/ilmoliulampar.is\/en_gb\/wp-json\/wp\/v2\/product_tag?post=60710"}],"curies":[{"name":"wp","href":"https:\/\/api.w.org\/{rel}","templated":true}]}}