{"id":60742,"date":"2024-08-01T17:41:33","date_gmt":"2024-08-01T17:41:33","guid":{"rendered":"https:\/\/ilmoliulampar.is\/?post_type=product&#038;p=60742"},"modified":"2024-12-03T14:30:21","modified_gmt":"2024-12-03T14:30:21","slug":"ny-mynd-i-ramma-med-steinum","status":"publish","type":"product","link":"https:\/\/ilmoliulampar.is\/en_gb\/product\/ny-mynd-i-ramma-med-steinum\/","title":{"rendered":"NY Mynd \u00ed ramma me\u00f0 steinum"},"content":{"rendered":"","protected":false},"excerpt":{"rendered":"<p>\u00d3tr\u00falega flott og v\u00f6ndu\u00f0 mynd \u00ed silfur ramma me\u00f0 steinum \u00e1 glerinu.<\/p>\n<p>St\u00e6r\u00f0 80 * 80 cm<\/p>\n<p>5,9 kg<\/p>","protected":false},"featured_media":60743,"comment_status":"open","ping_status":"closed","template":"","meta":[],"product_brand":[],"product_cat":[132,252],"product_tag":[],"class_list":{"0":"post-60742","1":"product","2":"type-product","3":"status-publish","4":"has-post-thumbnail","6":"product_cat-heimilid-2","7":"product_cat-myndirogrammar","9":"first","10":"outofstock","11":"shipping-taxable","12":"purchasable","13":"product-type-simple"},"_links":{"self":[{"href":"https:\/\/ilmoliulampar.is\/en_gb\/wp-json\/wp\/v2\/product\/60742","targetHints":{"allow":["GET"]}}],"collection":[{"href":"https:\/\/ilmoliulampar.is\/en_gb\/wp-json\/wp\/v2\/product"}],"about":[{"href":"https:\/\/ilmoliulampar.is\/en_gb\/wp-json\/wp\/v2\/types\/product"}],"replies":[{"embeddable":true,"href":"https:\/\/ilmoliulampar.is\/en_gb\/wp-json\/wp\/v2\/comments?post=60742"}],"wp:featuredmedia":[{"embeddable":true,"href":"https:\/\/ilmoliulampar.is\/en_gb\/wp-json\/wp\/v2\/media\/60743"}],"wp:attachment":[{"href":"https:\/\/ilmoliulampar.is\/en_gb\/wp-json\/wp\/v2\/media?parent=60742"}],"wp:term":[{"taxonomy":"product_brand","embeddable":true,"href":"https:\/\/ilmoliulampar.is\/en_gb\/wp-json\/wp\/v2\/product_brand?post=60742"},{"taxonomy":"product_cat","embeddable":true,"href":"https:\/\/ilmoliulampar.is\/en_gb\/wp-json\/wp\/v2\/product_cat?post=60742"},{"taxonomy":"product_tag","embeddable":true,"href":"https:\/\/ilmoliulampar.is\/en_gb\/wp-json\/wp\/v2\/product_tag?post=60742"}],"curies":[{"name":"wp","href":"https:\/\/api.w.org\/{rel}","templated":true}]}}