{"id":60844,"date":"2024-08-09T10:41:00","date_gmt":"2024-08-09T10:41:00","guid":{"rendered":"https:\/\/ilmoliulampar.is\/?post_type=product&#038;p=60844"},"modified":"2025-06-02T19:53:24","modified_gmt":"2025-06-02T19:53:24","slug":"hestar-hrossahjord","status":"publish","type":"product","link":"https:\/\/ilmoliulampar.is\/en_gb\/product\/hestar-hrossahjord\/","title":{"rendered":"Hestar &#8211; Hrossahj\u00f6r\u00f0"},"content":{"rendered":"<p>Einst\u00f6k hrossahj\u00f6r\u00f0 \ud83d\ude0a<\/p>\n<p>\u00deetta fallega listaverk\/sk\u00falpt\u00far er \u00far \u00e1li og telur 5 hesta. \u00a0St\u00e6r\u00f0irnar eru: 16,5x6x21cm &#8211; 18x8x29cm &#8211; 18x8x29cm &#8211; 23x9x29cm &#8211; 22x12x40cm. A\u00f0eins selt saman \u00ed setti.<\/p>","protected":false},"excerpt":{"rendered":"<p>Einst\u00f6k hrossahj\u00f6r\u00f0 \ud83d\ude0a \u00deetta fallega listaverk\/sk\u00falpt\u00far er \u00far \u00e1li og telur 5 hesta. \u00a0St\u00e6r\u00f0irnar eru: 16,5x6x21cm &#8211; 18x8x29cm &#8211; 18x8x29cm &#8211; 23x9x29cm &#8211; 22x12x40cm. A\u00f0eins selt saman \u00ed setti.<\/p>","protected":false},"featured_media":60845,"comment_status":"open","ping_status":"closed","template":"","meta":[],"product_brand":[],"product_cat":[132],"product_tag":[],"class_list":{"0":"post-60844","1":"product","2":"type-product","3":"status-publish","4":"has-post-thumbnail","6":"product_cat-heimilid-2","8":"first","9":"instock","10":"shipping-taxable","11":"purchasable","12":"product-type-simple"},"_links":{"self":[{"href":"https:\/\/ilmoliulampar.is\/en_gb\/wp-json\/wp\/v2\/product\/60844","targetHints":{"allow":["GET"]}}],"collection":[{"href":"https:\/\/ilmoliulampar.is\/en_gb\/wp-json\/wp\/v2\/product"}],"about":[{"href":"https:\/\/ilmoliulampar.is\/en_gb\/wp-json\/wp\/v2\/types\/product"}],"replies":[{"embeddable":true,"href":"https:\/\/ilmoliulampar.is\/en_gb\/wp-json\/wp\/v2\/comments?post=60844"}],"wp:featuredmedia":[{"embeddable":true,"href":"https:\/\/ilmoliulampar.is\/en_gb\/wp-json\/wp\/v2\/media\/60845"}],"wp:attachment":[{"href":"https:\/\/ilmoliulampar.is\/en_gb\/wp-json\/wp\/v2\/media?parent=60844"}],"wp:term":[{"taxonomy":"product_brand","embeddable":true,"href":"https:\/\/ilmoliulampar.is\/en_gb\/wp-json\/wp\/v2\/product_brand?post=60844"},{"taxonomy":"product_cat","embeddable":true,"href":"https:\/\/ilmoliulampar.is\/en_gb\/wp-json\/wp\/v2\/product_cat?post=60844"},{"taxonomy":"product_tag","embeddable":true,"href":"https:\/\/ilmoliulampar.is\/en_gb\/wp-json\/wp\/v2\/product_tag?post=60844"}],"curies":[{"name":"wp","href":"https:\/\/api.w.org\/{rel}","templated":true}]}}