{"id":61177,"date":"2024-09-18T12:40:43","date_gmt":"2024-09-18T12:40:43","guid":{"rendered":"https:\/\/ilmoliulampar.is\/?post_type=product&#038;p=61177"},"modified":"2025-11-10T15:55:59","modified_gmt":"2025-11-10T15:55:59","slug":"fill-i-gullsko-kare","status":"publish","type":"product","link":"https:\/\/ilmoliulampar.is\/en_gb\/product\/fill-i-gullsko-kare\/","title":{"rendered":"F\u00edll \u00ed gullsk\u00f3 &#8211; Kare"},"content":{"rendered":"","protected":false},"excerpt":{"rendered":"<p>F\u00edll \u00ed gylltum h\u00e6lask\u00f3<\/p>\n<p>H\u00e6\u00f0 19 cm<br \/>\nBreidd 34 cm<br \/>\nD\u00fdpt 9 cm<\/p>","protected":false},"featured_media":61127,"comment_status":"open","ping_status":"closed","template":"","meta":[],"product_brand":[],"product_cat":[132,230,251,121],"product_tag":[],"class_list":{"0":"post-61177","1":"product","2":"type-product","3":"status-publish","4":"has-post-thumbnail","6":"product_cat-heimilid-2","7":"product_cat-laekkadverd","8":"product_cat-stytturogskulpturar","9":"product_cat-tilbod-adrar-vorur","11":"first","12":"instock","13":"sale","14":"shipping-taxable","15":"purchasable","16":"product-type-simple"},"_links":{"self":[{"href":"https:\/\/ilmoliulampar.is\/en_gb\/wp-json\/wp\/v2\/product\/61177","targetHints":{"allow":["GET"]}}],"collection":[{"href":"https:\/\/ilmoliulampar.is\/en_gb\/wp-json\/wp\/v2\/product"}],"about":[{"href":"https:\/\/ilmoliulampar.is\/en_gb\/wp-json\/wp\/v2\/types\/product"}],"replies":[{"embeddable":true,"href":"https:\/\/ilmoliulampar.is\/en_gb\/wp-json\/wp\/v2\/comments?post=61177"}],"wp:featuredmedia":[{"embeddable":true,"href":"https:\/\/ilmoliulampar.is\/en_gb\/wp-json\/wp\/v2\/media\/61127"}],"wp:attachment":[{"href":"https:\/\/ilmoliulampar.is\/en_gb\/wp-json\/wp\/v2\/media?parent=61177"}],"wp:term":[{"taxonomy":"product_brand","embeddable":true,"href":"https:\/\/ilmoliulampar.is\/en_gb\/wp-json\/wp\/v2\/product_brand?post=61177"},{"taxonomy":"product_cat","embeddable":true,"href":"https:\/\/ilmoliulampar.is\/en_gb\/wp-json\/wp\/v2\/product_cat?post=61177"},{"taxonomy":"product_tag","embeddable":true,"href":"https:\/\/ilmoliulampar.is\/en_gb\/wp-json\/wp\/v2\/product_tag?post=61177"}],"curies":[{"name":"wp","href":"https:\/\/api.w.org\/{rel}","templated":true}]}}