{"id":61178,"date":"2025-11-18T12:43:43","date_gmt":"2025-11-18T12:43:43","guid":{"rendered":"https:\/\/ilmoliulampar.is\/?post_type=product&#038;p=61178"},"modified":"2025-11-25T16:03:01","modified_gmt":"2025-11-25T16:03:01","slug":"flamingo-love-kare","status":"publish","type":"product","link":"https:\/\/ilmoliulampar.is\/en_gb\/product\/flamingo-love-kare\/","title":{"rendered":"Flamingo Love &#8211; Kare"},"content":{"rendered":"","protected":false},"excerpt":{"rendered":"<p>Svo mikil \u00e1st. 2 gylltir Flamingoar sem gera hjarta \u00far h\u00e1lsum s\u00ednum.<\/p>\n<p>H\u00e6\u00f0 40 cm<br \/>\nBreidd 30 cm<br \/>\nD\u00fdpt 8.2 cm<\/p>","protected":false},"featured_media":61112,"comment_status":"open","ping_status":"closed","template":"","meta":[],"product_brand":[],"product_cat":[132,230,251],"product_tag":[],"class_list":{"0":"post-61178","1":"product","2":"type-product","3":"status-publish","4":"has-post-thumbnail","6":"product_cat-heimilid-2","7":"product_cat-laekkadverd","8":"product_cat-stytturogskulpturar","10":"first","11":"instock","12":"sale","13":"shipping-taxable","14":"purchasable","15":"product-type-simple"},"_links":{"self":[{"href":"https:\/\/ilmoliulampar.is\/en_gb\/wp-json\/wp\/v2\/product\/61178","targetHints":{"allow":["GET"]}}],"collection":[{"href":"https:\/\/ilmoliulampar.is\/en_gb\/wp-json\/wp\/v2\/product"}],"about":[{"href":"https:\/\/ilmoliulampar.is\/en_gb\/wp-json\/wp\/v2\/types\/product"}],"replies":[{"embeddable":true,"href":"https:\/\/ilmoliulampar.is\/en_gb\/wp-json\/wp\/v2\/comments?post=61178"}],"wp:featuredmedia":[{"embeddable":true,"href":"https:\/\/ilmoliulampar.is\/en_gb\/wp-json\/wp\/v2\/media\/61112"}],"wp:attachment":[{"href":"https:\/\/ilmoliulampar.is\/en_gb\/wp-json\/wp\/v2\/media?parent=61178"}],"wp:term":[{"taxonomy":"product_brand","embeddable":true,"href":"https:\/\/ilmoliulampar.is\/en_gb\/wp-json\/wp\/v2\/product_brand?post=61178"},{"taxonomy":"product_cat","embeddable":true,"href":"https:\/\/ilmoliulampar.is\/en_gb\/wp-json\/wp\/v2\/product_cat?post=61178"},{"taxonomy":"product_tag","embeddable":true,"href":"https:\/\/ilmoliulampar.is\/en_gb\/wp-json\/wp\/v2\/product_tag?post=61178"}],"curies":[{"name":"wp","href":"https:\/\/api.w.org\/{rel}","templated":true}]}}