{"id":61179,"date":"2024-09-18T12:46:44","date_gmt":"2024-09-18T12:46:44","guid":{"rendered":"https:\/\/ilmoliulampar.is\/?post_type=product&#038;p=61179"},"modified":"2025-11-18T14:31:50","modified_gmt":"2025-11-18T14:31:50","slug":"kaninur-ad-knusast-kare","status":"publish","type":"product","link":"https:\/\/ilmoliulampar.is\/en_gb\/product\/kaninur-ad-knusast-kare\/","title":{"rendered":"Kan\u00ednur a\u00f0 kn\u00fasast &#8211; Kare"},"content":{"rendered":"","protected":false},"excerpt":{"rendered":"<p>Kan\u00ednur a\u00f0 kn\u00fasast, \u00f6nnur hv\u00edt &amp; hin gyllt.<\/p>\n<p>H\u00e6\u00f0 25 cm<br \/>\nBreidd 15 cm<br \/>\nD\u00fdpt 11.5 cm<\/p>","protected":false},"featured_media":61159,"comment_status":"open","ping_status":"closed","template":"","meta":[],"product_brand":[],"product_cat":[132,251],"product_tag":[],"class_list":{"0":"post-61179","1":"product","2":"type-product","3":"status-publish","4":"has-post-thumbnail","6":"product_cat-heimilid-2","7":"product_cat-stytturogskulpturar","9":"first","10":"outofstock","11":"shipping-taxable","12":"purchasable","13":"product-type-simple"},"_links":{"self":[{"href":"https:\/\/ilmoliulampar.is\/en_gb\/wp-json\/wp\/v2\/product\/61179","targetHints":{"allow":["GET"]}}],"collection":[{"href":"https:\/\/ilmoliulampar.is\/en_gb\/wp-json\/wp\/v2\/product"}],"about":[{"href":"https:\/\/ilmoliulampar.is\/en_gb\/wp-json\/wp\/v2\/types\/product"}],"replies":[{"embeddable":true,"href":"https:\/\/ilmoliulampar.is\/en_gb\/wp-json\/wp\/v2\/comments?post=61179"}],"wp:featuredmedia":[{"embeddable":true,"href":"https:\/\/ilmoliulampar.is\/en_gb\/wp-json\/wp\/v2\/media\/61159"}],"wp:attachment":[{"href":"https:\/\/ilmoliulampar.is\/en_gb\/wp-json\/wp\/v2\/media?parent=61179"}],"wp:term":[{"taxonomy":"product_brand","embeddable":true,"href":"https:\/\/ilmoliulampar.is\/en_gb\/wp-json\/wp\/v2\/product_brand?post=61179"},{"taxonomy":"product_cat","embeddable":true,"href":"https:\/\/ilmoliulampar.is\/en_gb\/wp-json\/wp\/v2\/product_cat?post=61179"},{"taxonomy":"product_tag","embeddable":true,"href":"https:\/\/ilmoliulampar.is\/en_gb\/wp-json\/wp\/v2\/product_tag?post=61179"}],"curies":[{"name":"wp","href":"https:\/\/api.w.org\/{rel}","templated":true}]}}