{"id":61180,"date":"2024-09-18T12:51:46","date_gmt":"2024-09-18T12:51:46","guid":{"rendered":"https:\/\/ilmoliulampar.is\/?post_type=product&#038;p=61180"},"modified":"2025-09-19T13:44:45","modified_gmt":"2025-09-19T13:44:45","slug":"bulldog-med-bakka-bord-kare","status":"publish","type":"product","link":"https:\/\/ilmoliulampar.is\/en_gb\/product\/bulldog-med-bakka-bord-kare\/","title":{"rendered":"Bulldog me\u00f0 bakka &#8211; bor\u00f0 &#8211; Kare"},"content":{"rendered":"","protected":false},"excerpt":{"rendered":"<p>\u00d3tr\u00falega flott &amp; \u00f6\u00f0ruv\u00edsi hli\u00f0ar bor\u00f0.<br \/>\nSvartur Bulldog me\u00f0 gyllta slaufu &amp; s\u00f3lgleraugu.<\/p>\n<p>H\u00e6\u00f0 55 cm<br \/>\nBreidd 40 cm<br \/>\nD\u00fdpt 34 cm<\/p>","protected":false},"featured_media":61174,"comment_status":"open","ping_status":"closed","template":"","meta":[],"product_brand":[],"product_cat":[132,251],"product_tag":[],"class_list":{"0":"post-61180","1":"product","2":"type-product","3":"status-publish","4":"has-post-thumbnail","6":"product_cat-heimilid-2","7":"product_cat-stytturogskulpturar","9":"first","10":"outofstock","11":"shipping-taxable","12":"purchasable","13":"product-type-simple"},"_links":{"self":[{"href":"https:\/\/ilmoliulampar.is\/en_gb\/wp-json\/wp\/v2\/product\/61180","targetHints":{"allow":["GET"]}}],"collection":[{"href":"https:\/\/ilmoliulampar.is\/en_gb\/wp-json\/wp\/v2\/product"}],"about":[{"href":"https:\/\/ilmoliulampar.is\/en_gb\/wp-json\/wp\/v2\/types\/product"}],"replies":[{"embeddable":true,"href":"https:\/\/ilmoliulampar.is\/en_gb\/wp-json\/wp\/v2\/comments?post=61180"}],"wp:featuredmedia":[{"embeddable":true,"href":"https:\/\/ilmoliulampar.is\/en_gb\/wp-json\/wp\/v2\/media\/61174"}],"wp:attachment":[{"href":"https:\/\/ilmoliulampar.is\/en_gb\/wp-json\/wp\/v2\/media?parent=61180"}],"wp:term":[{"taxonomy":"product_brand","embeddable":true,"href":"https:\/\/ilmoliulampar.is\/en_gb\/wp-json\/wp\/v2\/product_brand?post=61180"},{"taxonomy":"product_cat","embeddable":true,"href":"https:\/\/ilmoliulampar.is\/en_gb\/wp-json\/wp\/v2\/product_cat?post=61180"},{"taxonomy":"product_tag","embeddable":true,"href":"https:\/\/ilmoliulampar.is\/en_gb\/wp-json\/wp\/v2\/product_tag?post=61180"}],"curies":[{"name":"wp","href":"https:\/\/api.w.org\/{rel}","templated":true}]}}