{"id":61185,"date":"2025-12-18T13:13:27","date_gmt":"2025-12-18T13:13:27","guid":{"rendered":"https:\/\/ilmoliulampar.is\/?post_type=product&#038;p=61185"},"modified":"2026-01-30T12:03:36","modified_gmt":"2026-01-30T12:03:36","slug":"sir-giraffi-55-cm-kare","status":"publish","type":"product","link":"https:\/\/ilmoliulampar.is\/en_gb\/product\/sir-giraffi-55-cm-kare\/","title":{"rendered":"Sir G\u00edraffi &#8211; 55 cm &#8211; Kare"},"content":{"rendered":"","protected":false},"excerpt":{"rendered":"<p>\u00d3tr\u00falega flottur G\u00edraffi<\/p>\n<p>H\u00e6\u00f0 55 cm<br \/>\nBreidd 17 cm<br \/>\nD\u00fdpt 14 cm<\/p>","protected":false},"featured_media":61087,"comment_status":"open","ping_status":"closed","template":"","meta":[],"product_brand":[],"product_cat":[132,230,251],"product_tag":[],"class_list":{"0":"post-61185","1":"product","2":"type-product","3":"status-publish","4":"has-post-thumbnail","6":"product_cat-heimilid-2","7":"product_cat-laekkadverd","8":"product_cat-stytturogskulpturar","10":"first","11":"instock","12":"sale","13":"shipping-taxable","14":"purchasable","15":"product-type-simple"},"_links":{"self":[{"href":"https:\/\/ilmoliulampar.is\/en_gb\/wp-json\/wp\/v2\/product\/61185","targetHints":{"allow":["GET"]}}],"collection":[{"href":"https:\/\/ilmoliulampar.is\/en_gb\/wp-json\/wp\/v2\/product"}],"about":[{"href":"https:\/\/ilmoliulampar.is\/en_gb\/wp-json\/wp\/v2\/types\/product"}],"replies":[{"embeddable":true,"href":"https:\/\/ilmoliulampar.is\/en_gb\/wp-json\/wp\/v2\/comments?post=61185"}],"wp:featuredmedia":[{"embeddable":true,"href":"https:\/\/ilmoliulampar.is\/en_gb\/wp-json\/wp\/v2\/media\/61087"}],"wp:attachment":[{"href":"https:\/\/ilmoliulampar.is\/en_gb\/wp-json\/wp\/v2\/media?parent=61185"}],"wp:term":[{"taxonomy":"product_brand","embeddable":true,"href":"https:\/\/ilmoliulampar.is\/en_gb\/wp-json\/wp\/v2\/product_brand?post=61185"},{"taxonomy":"product_cat","embeddable":true,"href":"https:\/\/ilmoliulampar.is\/en_gb\/wp-json\/wp\/v2\/product_cat?post=61185"},{"taxonomy":"product_tag","embeddable":true,"href":"https:\/\/ilmoliulampar.is\/en_gb\/wp-json\/wp\/v2\/product_tag?post=61185"}],"curies":[{"name":"wp","href":"https:\/\/api.w.org\/{rel}","templated":true}]}}