{"id":61188,"date":"2024-09-18T13:27:48","date_gmt":"2024-09-18T13:27:48","guid":{"rendered":"https:\/\/ilmoliulampar.is\/?post_type=product&#038;p=61188"},"modified":"2025-10-28T11:09:41","modified_gmt":"2025-10-28T11:09:41","slug":"glermynd-fashion-haircut-80-cm","status":"publish","type":"product","link":"https:\/\/ilmoliulampar.is\/en_gb\/product\/glermynd-fashion-haircut-80-cm\/","title":{"rendered":"Glermynd &#8211; Fashion Haircut 80 cm"},"content":{"rendered":"","protected":false},"excerpt":{"rendered":"<p>\u00d3tr\u00falega flott gler mynd fr\u00e1 fagurkerunum Kare Designe.<\/p>\n<p>80 * 80 cm<\/p>","protected":false},"featured_media":61191,"comment_status":"open","ping_status":"closed","template":"","meta":[],"product_brand":[],"product_cat":[132,252],"product_tag":[],"class_list":{"0":"post-61188","1":"product","2":"type-product","3":"status-publish","4":"has-post-thumbnail","6":"product_cat-heimilid-2","7":"product_cat-myndirogrammar","9":"first","10":"outofstock","11":"shipping-taxable","12":"purchasable","13":"product-type-simple"},"_links":{"self":[{"href":"https:\/\/ilmoliulampar.is\/en_gb\/wp-json\/wp\/v2\/product\/61188","targetHints":{"allow":["GET"]}}],"collection":[{"href":"https:\/\/ilmoliulampar.is\/en_gb\/wp-json\/wp\/v2\/product"}],"about":[{"href":"https:\/\/ilmoliulampar.is\/en_gb\/wp-json\/wp\/v2\/types\/product"}],"replies":[{"embeddable":true,"href":"https:\/\/ilmoliulampar.is\/en_gb\/wp-json\/wp\/v2\/comments?post=61188"}],"wp:featuredmedia":[{"embeddable":true,"href":"https:\/\/ilmoliulampar.is\/en_gb\/wp-json\/wp\/v2\/media\/61191"}],"wp:attachment":[{"href":"https:\/\/ilmoliulampar.is\/en_gb\/wp-json\/wp\/v2\/media?parent=61188"}],"wp:term":[{"taxonomy":"product_brand","embeddable":true,"href":"https:\/\/ilmoliulampar.is\/en_gb\/wp-json\/wp\/v2\/product_brand?post=61188"},{"taxonomy":"product_cat","embeddable":true,"href":"https:\/\/ilmoliulampar.is\/en_gb\/wp-json\/wp\/v2\/product_cat?post=61188"},{"taxonomy":"product_tag","embeddable":true,"href":"https:\/\/ilmoliulampar.is\/en_gb\/wp-json\/wp\/v2\/product_tag?post=61188"}],"curies":[{"name":"wp","href":"https:\/\/api.w.org\/{rel}","templated":true}]}}