{"id":61194,"date":"2024-09-18T13:30:27","date_gmt":"2024-09-18T13:30:27","guid":{"rendered":"https:\/\/ilmoliulampar.is\/?post_type=product&#038;p=61194"},"modified":"2025-08-21T15:21:05","modified_gmt":"2025-08-21T15:21:05","slug":"badherbergismynd-kare","status":"publish","type":"product","link":"https:\/\/ilmoliulampar.is\/en_gb\/product\/badherbergismynd-kare\/","title":{"rendered":"Ba\u00f0herbergismynd &#8211; Kare"},"content":{"rendered":"","protected":false},"excerpt":{"rendered":"<p>Flott og \u00f6\u00f0ruv\u00edsi glermynd fr\u00e1 Kare<\/p>\n<p>H\u00e6\u00f0 80<br \/>\nBreidd 60 cm<\/p>\n<p>\u00deyngd 5 kg<\/p>","protected":false},"featured_media":61134,"comment_status":"open","ping_status":"closed","template":"","meta":[],"product_brand":[],"product_cat":[132,252],"product_tag":[],"class_list":{"0":"post-61194","1":"product","2":"type-product","3":"status-publish","4":"has-post-thumbnail","6":"product_cat-heimilid-2","7":"product_cat-myndirogrammar","9":"first","10":"outofstock","11":"shipping-taxable","12":"purchasable","13":"product-type-simple"},"_links":{"self":[{"href":"https:\/\/ilmoliulampar.is\/en_gb\/wp-json\/wp\/v2\/product\/61194","targetHints":{"allow":["GET"]}}],"collection":[{"href":"https:\/\/ilmoliulampar.is\/en_gb\/wp-json\/wp\/v2\/product"}],"about":[{"href":"https:\/\/ilmoliulampar.is\/en_gb\/wp-json\/wp\/v2\/types\/product"}],"replies":[{"embeddable":true,"href":"https:\/\/ilmoliulampar.is\/en_gb\/wp-json\/wp\/v2\/comments?post=61194"}],"wp:featuredmedia":[{"embeddable":true,"href":"https:\/\/ilmoliulampar.is\/en_gb\/wp-json\/wp\/v2\/media\/61134"}],"wp:attachment":[{"href":"https:\/\/ilmoliulampar.is\/en_gb\/wp-json\/wp\/v2\/media?parent=61194"}],"wp:term":[{"taxonomy":"product_brand","embeddable":true,"href":"https:\/\/ilmoliulampar.is\/en_gb\/wp-json\/wp\/v2\/product_brand?post=61194"},{"taxonomy":"product_cat","embeddable":true,"href":"https:\/\/ilmoliulampar.is\/en_gb\/wp-json\/wp\/v2\/product_cat?post=61194"},{"taxonomy":"product_tag","embeddable":true,"href":"https:\/\/ilmoliulampar.is\/en_gb\/wp-json\/wp\/v2\/product_tag?post=61194"}],"curies":[{"name":"wp","href":"https:\/\/api.w.org\/{rel}","templated":true}]}}