{"id":61229,"date":"2024-09-24T12:55:10","date_gmt":"2024-09-24T12:55:10","guid":{"rendered":"https:\/\/ilmoliulampar.is\/?post_type=product&#038;p=61229"},"modified":"2024-09-24T12:55:10","modified_gmt":"2024-09-24T12:55:10","slug":"hook-louis-chashew-m","status":"publish","type":"product","link":"https:\/\/ilmoliulampar.is\/en_gb\/product\/hook-louis-chashew-m\/","title":{"rendered":"HOOK LOUIS CHASHEW M"},"content":{"rendered":"","protected":false},"excerpt":{"rendered":"<ul>\n<li>Litur: Cashew<\/li>\n<li>St\u00e6r\u00f0: \u00a04 x 6,5 x 4,5 cm (Breidd x D\u00fdpt x H\u00e6\u00f0)<\/li>\n<\/ul>","protected":false},"featured_media":61230,"comment_status":"open","ping_status":"closed","template":"","meta":[],"product_brand":[],"product_cat":[173,214],"product_tag":[],"class_list":{"0":"post-61229","1":"product","2":"type-product","3":"status-publish","4":"has-post-thumbnail","6":"product_cat-snagar","7":"product_cat-snagar-2","9":"first","10":"instock","11":"shipping-taxable","12":"purchasable","13":"product-type-simple"},"_links":{"self":[{"href":"https:\/\/ilmoliulampar.is\/en_gb\/wp-json\/wp\/v2\/product\/61229","targetHints":{"allow":["GET"]}}],"collection":[{"href":"https:\/\/ilmoliulampar.is\/en_gb\/wp-json\/wp\/v2\/product"}],"about":[{"href":"https:\/\/ilmoliulampar.is\/en_gb\/wp-json\/wp\/v2\/types\/product"}],"replies":[{"embeddable":true,"href":"https:\/\/ilmoliulampar.is\/en_gb\/wp-json\/wp\/v2\/comments?post=61229"}],"wp:featuredmedia":[{"embeddable":true,"href":"https:\/\/ilmoliulampar.is\/en_gb\/wp-json\/wp\/v2\/media\/61230"}],"wp:attachment":[{"href":"https:\/\/ilmoliulampar.is\/en_gb\/wp-json\/wp\/v2\/media?parent=61229"}],"wp:term":[{"taxonomy":"product_brand","embeddable":true,"href":"https:\/\/ilmoliulampar.is\/en_gb\/wp-json\/wp\/v2\/product_brand?post=61229"},{"taxonomy":"product_cat","embeddable":true,"href":"https:\/\/ilmoliulampar.is\/en_gb\/wp-json\/wp\/v2\/product_cat?post=61229"},{"taxonomy":"product_tag","embeddable":true,"href":"https:\/\/ilmoliulampar.is\/en_gb\/wp-json\/wp\/v2\/product_tag?post=61229"}],"curies":[{"name":"wp","href":"https:\/\/api.w.org\/{rel}","templated":true}]}}