{"id":61312,"date":"2024-10-10T14:52:41","date_gmt":"2024-10-10T14:52:41","guid":{"rendered":"https:\/\/ilmoliulampar.is\/?post_type=product&#038;p=61312"},"modified":"2024-12-03T13:32:01","modified_gmt":"2024-12-03T13:32:01","slug":"marmarabord-med-gylltar-fuglafaetur","status":"publish","type":"product","link":"https:\/\/ilmoliulampar.is\/en_gb\/product\/marmarabord-med-gylltar-fuglafaetur\/","title":{"rendered":"Marmarabor\u00f0 me\u00f0 gylltum fuglaf\u00f3tum"},"content":{"rendered":"","protected":false},"excerpt":{"rendered":"<p>Einstakt, flott og \u00f6\u00f0ruv\u00edsi marmarabor\u00f0 me\u00f0 gylltum fuglaf\u00f3tum. Mj\u00f6g vanda\u00f0, \u00feungt bor\u00f0 sem \u00fe\u00fa s\u00e9r\u00f0 ekki hvar sem er.<\/p>\n<p><strong>Measurements:<\/strong> 54cm dia x 55cm H; Marble 1.5cm deep; Handle 12cm H<\/p>\n<p><strong>Material:<\/strong> Marble \/ Metal<\/p>\n<p><strong>Colour:<\/strong> Gold \u00a0\/ White<\/p>\n<p>&nbsp;<\/p>","protected":false},"featured_media":61313,"comment_status":"open","ping_status":"closed","template":"","meta":[],"product_brand":[],"product_cat":[247,132],"product_tag":[],"class_list":{"0":"post-61312","1":"product","2":"type-product","3":"status-publish","4":"has-post-thumbnail","6":"product_cat-bord","7":"product_cat-heimilid-2","9":"first","10":"instock","11":"shipping-taxable","12":"purchasable","13":"product-type-simple"},"_links":{"self":[{"href":"https:\/\/ilmoliulampar.is\/en_gb\/wp-json\/wp\/v2\/product\/61312","targetHints":{"allow":["GET"]}}],"collection":[{"href":"https:\/\/ilmoliulampar.is\/en_gb\/wp-json\/wp\/v2\/product"}],"about":[{"href":"https:\/\/ilmoliulampar.is\/en_gb\/wp-json\/wp\/v2\/types\/product"}],"replies":[{"embeddable":true,"href":"https:\/\/ilmoliulampar.is\/en_gb\/wp-json\/wp\/v2\/comments?post=61312"}],"wp:featuredmedia":[{"embeddable":true,"href":"https:\/\/ilmoliulampar.is\/en_gb\/wp-json\/wp\/v2\/media\/61313"}],"wp:attachment":[{"href":"https:\/\/ilmoliulampar.is\/en_gb\/wp-json\/wp\/v2\/media?parent=61312"}],"wp:term":[{"taxonomy":"product_brand","embeddable":true,"href":"https:\/\/ilmoliulampar.is\/en_gb\/wp-json\/wp\/v2\/product_brand?post=61312"},{"taxonomy":"product_cat","embeddable":true,"href":"https:\/\/ilmoliulampar.is\/en_gb\/wp-json\/wp\/v2\/product_cat?post=61312"},{"taxonomy":"product_tag","embeddable":true,"href":"https:\/\/ilmoliulampar.is\/en_gb\/wp-json\/wp\/v2\/product_tag?post=61312"}],"curies":[{"name":"wp","href":"https:\/\/api.w.org\/{rel}","templated":true}]}}