{"id":61363,"date":"2024-10-17T17:33:11","date_gmt":"2024-10-17T17:33:11","guid":{"rendered":"https:\/\/ilmoliulampar.is\/?post_type=product&#038;p=61363"},"modified":"2026-02-09T16:01:42","modified_gmt":"2026-02-09T16:01:42","slug":"tannburstar-gull-extra-soft","status":"publish","type":"product","link":"https:\/\/ilmoliulampar.is\/en_gb\/product\/tannburstar-gull-extra-soft\/","title":{"rendered":"Tannburstar &#8211; Gull extra soft"},"content":{"rendered":"","protected":false},"excerpt":{"rendered":"<p>\u00d3tr\u00falega mj\u00fakir og g\u00f3\u00f0ir tannburstar fr\u00e1 ORAL CARE<\/p>\n<p>koma \u00ed gylltu me\u00f0 hv\u00edtum e\u00f0a sv\u00f6rtum bursta<\/p>","protected":false},"featured_media":61368,"comment_status":"open","ping_status":"closed","template":"","meta":[],"product_brand":[],"product_cat":[112,122],"product_tag":[],"class_list":{"0":"post-61363","1":"product","2":"type-product","3":"status-publish","4":"has-post-thumbnail","6":"product_cat-adrar-vorur","7":"product_cat-tannhvittun","9":"first","10":"instock","11":"shipping-taxable","12":"purchasable","13":"product-type-simple"},"_links":{"self":[{"href":"https:\/\/ilmoliulampar.is\/en_gb\/wp-json\/wp\/v2\/product\/61363","targetHints":{"allow":["GET"]}}],"collection":[{"href":"https:\/\/ilmoliulampar.is\/en_gb\/wp-json\/wp\/v2\/product"}],"about":[{"href":"https:\/\/ilmoliulampar.is\/en_gb\/wp-json\/wp\/v2\/types\/product"}],"replies":[{"embeddable":true,"href":"https:\/\/ilmoliulampar.is\/en_gb\/wp-json\/wp\/v2\/comments?post=61363"}],"wp:featuredmedia":[{"embeddable":true,"href":"https:\/\/ilmoliulampar.is\/en_gb\/wp-json\/wp\/v2\/media\/61368"}],"wp:attachment":[{"href":"https:\/\/ilmoliulampar.is\/en_gb\/wp-json\/wp\/v2\/media?parent=61363"}],"wp:term":[{"taxonomy":"product_brand","embeddable":true,"href":"https:\/\/ilmoliulampar.is\/en_gb\/wp-json\/wp\/v2\/product_brand?post=61363"},{"taxonomy":"product_cat","embeddable":true,"href":"https:\/\/ilmoliulampar.is\/en_gb\/wp-json\/wp\/v2\/product_cat?post=61363"},{"taxonomy":"product_tag","embeddable":true,"href":"https:\/\/ilmoliulampar.is\/en_gb\/wp-json\/wp\/v2\/product_tag?post=61363"}],"curies":[{"name":"wp","href":"https:\/\/api.w.org\/{rel}","templated":true}]}}