{"id":61396,"date":"2024-10-21T13:06:40","date_gmt":"2024-10-21T13:06:40","guid":{"rendered":"https:\/\/ilmoliulampar.is\/?post_type=product&#038;p=61396"},"modified":"2026-02-10T12:29:37","modified_gmt":"2026-02-10T12:29:37","slug":"christmas-eve-yankee-ilmolia","status":"publish","type":"product","link":"https:\/\/ilmoliulampar.is\/en_gb\/product\/christmas-eve-yankee-ilmolia\/","title":{"rendered":"CHRISTMAS EVE &#8211; YANKEE TYPE"},"content":{"rendered":"","protected":false},"excerpt":{"rendered":"<p>Christmas Eve j\u00f3lailmol\u00edan fr\u00e1 Yankee candle.<\/p>\n<p>10 ml glas<\/p>","protected":false},"featured_media":61397,"comment_status":"open","ping_status":"closed","template":"","meta":[],"product_brand":[],"product_cat":[109,195,180,136,114,197],"product_tag":[],"class_list":{"0":"post-61396","1":"product","2":"type-product","3":"status-publish","4":"has-post-thumbnail","6":"product_cat-ilmoliur","7":"product_cat-ilmoliur-oliur","8":"product_cat-ilmvorur","9":"product_cat-jol","10":"product_cat-jolaoliur","11":"product_cat-jolaoliur-oliur","13":"first","14":"instock","15":"shipping-taxable","16":"purchasable","17":"product-type-simple"},"_links":{"self":[{"href":"https:\/\/ilmoliulampar.is\/en_gb\/wp-json\/wp\/v2\/product\/61396","targetHints":{"allow":["GET"]}}],"collection":[{"href":"https:\/\/ilmoliulampar.is\/en_gb\/wp-json\/wp\/v2\/product"}],"about":[{"href":"https:\/\/ilmoliulampar.is\/en_gb\/wp-json\/wp\/v2\/types\/product"}],"replies":[{"embeddable":true,"href":"https:\/\/ilmoliulampar.is\/en_gb\/wp-json\/wp\/v2\/comments?post=61396"}],"wp:featuredmedia":[{"embeddable":true,"href":"https:\/\/ilmoliulampar.is\/en_gb\/wp-json\/wp\/v2\/media\/61397"}],"wp:attachment":[{"href":"https:\/\/ilmoliulampar.is\/en_gb\/wp-json\/wp\/v2\/media?parent=61396"}],"wp:term":[{"taxonomy":"product_brand","embeddable":true,"href":"https:\/\/ilmoliulampar.is\/en_gb\/wp-json\/wp\/v2\/product_brand?post=61396"},{"taxonomy":"product_cat","embeddable":true,"href":"https:\/\/ilmoliulampar.is\/en_gb\/wp-json\/wp\/v2\/product_cat?post=61396"},{"taxonomy":"product_tag","embeddable":true,"href":"https:\/\/ilmoliulampar.is\/en_gb\/wp-json\/wp\/v2\/product_tag?post=61396"}],"curies":[{"name":"wp","href":"https:\/\/api.w.org\/{rel}","templated":true}]}}