{"id":61452,"date":"2024-10-25T16:21:40","date_gmt":"2024-10-25T16:21:40","guid":{"rendered":"https:\/\/ilmoliulampar.is\/?post_type=product&#038;p=61452"},"modified":"2026-01-29T16:56:30","modified_gmt":"2026-01-29T16:56:30","slug":"glasamottur-marmaraaferd-3-litir","status":"publish","type":"product","link":"https:\/\/ilmoliulampar.is\/en_gb\/product\/glasamottur-marmaraaferd-3-litir\/","title":{"rendered":"Glasamottur me\u00f0 marmaramynstri &#8211; 3 litir"},"content":{"rendered":"","protected":false},"excerpt":{"rendered":"<p>\u00c6\u00f0islegar glasamottur \u00far mj\u00faku g\u00famm\u00ed me\u00f0 marmaramynstri.<br \/>\n6 saman \u00ed pakka &#8211; \u00f3tr\u00falega \u00fe\u00e6gilegar og hlj\u00f3\u00f0dempandi.<\/p>\n<p>Koma \u00ed 3 mismunandi litum.<\/p>","protected":false},"featured_media":61455,"comment_status":"open","ping_status":"closed","template":"","meta":[],"product_brand":[],"product_cat":[248,132],"product_tag":[],"class_list":{"0":"post-61452","1":"product","2":"type-product","3":"status-publish","4":"has-post-thumbnail","6":"product_cat-bakkarogglasamottur","7":"product_cat-heimilid-2","9":"first","10":"instock","11":"shipping-taxable","12":"purchasable","13":"product-type-variable"},"_links":{"self":[{"href":"https:\/\/ilmoliulampar.is\/en_gb\/wp-json\/wp\/v2\/product\/61452","targetHints":{"allow":["GET"]}}],"collection":[{"href":"https:\/\/ilmoliulampar.is\/en_gb\/wp-json\/wp\/v2\/product"}],"about":[{"href":"https:\/\/ilmoliulampar.is\/en_gb\/wp-json\/wp\/v2\/types\/product"}],"replies":[{"embeddable":true,"href":"https:\/\/ilmoliulampar.is\/en_gb\/wp-json\/wp\/v2\/comments?post=61452"}],"wp:featuredmedia":[{"embeddable":true,"href":"https:\/\/ilmoliulampar.is\/en_gb\/wp-json\/wp\/v2\/media\/61455"}],"wp:attachment":[{"href":"https:\/\/ilmoliulampar.is\/en_gb\/wp-json\/wp\/v2\/media?parent=61452"}],"wp:term":[{"taxonomy":"product_brand","embeddable":true,"href":"https:\/\/ilmoliulampar.is\/en_gb\/wp-json\/wp\/v2\/product_brand?post=61452"},{"taxonomy":"product_cat","embeddable":true,"href":"https:\/\/ilmoliulampar.is\/en_gb\/wp-json\/wp\/v2\/product_cat?post=61452"},{"taxonomy":"product_tag","embeddable":true,"href":"https:\/\/ilmoliulampar.is\/en_gb\/wp-json\/wp\/v2\/product_tag?post=61452"}],"curies":[{"name":"wp","href":"https:\/\/api.w.org\/{rel}","templated":true}]}}