{"id":61463,"date":"2024-10-25T16:24:49","date_gmt":"2024-10-25T16:24:49","guid":{"rendered":"https:\/\/ilmoliulampar.is\/?post_type=product&#038;p=61463"},"modified":"2026-01-29T16:53:02","modified_gmt":"2026-01-29T16:53:02","slug":"glasamottur-ur-pu-ledri-2-litir","status":"publish","type":"product","link":"https:\/\/ilmoliulampar.is\/en_gb\/product\/glasamottur-ur-pu-ledri-2-litir\/","title":{"rendered":"Glasamottur \u00far PU le\u00f0ri &#8211; 2 litir"},"content":{"rendered":"","protected":false},"excerpt":{"rendered":"<p>Flottar og vanda\u00f0ar glasamottur \u00far PU le\u00f0ri me\u00f0 marmaramynstri, \u00ed standi.<br \/>\n\u00deeir koma 6 saman \u00ed pakka.<\/p>\n<p>Hv\u00edtar e\u00f0a svartar.<\/p>","protected":false},"featured_media":61453,"comment_status":"open","ping_status":"closed","template":"","meta":[],"product_brand":[],"product_cat":[248,132],"product_tag":[],"class_list":{"0":"post-61463","1":"product","2":"type-product","3":"status-publish","4":"has-post-thumbnail","6":"product_cat-bakkarogglasamottur","7":"product_cat-heimilid-2","9":"first","10":"instock","11":"shipping-taxable","12":"purchasable","13":"product-type-variable"},"_links":{"self":[{"href":"https:\/\/ilmoliulampar.is\/en_gb\/wp-json\/wp\/v2\/product\/61463","targetHints":{"allow":["GET"]}}],"collection":[{"href":"https:\/\/ilmoliulampar.is\/en_gb\/wp-json\/wp\/v2\/product"}],"about":[{"href":"https:\/\/ilmoliulampar.is\/en_gb\/wp-json\/wp\/v2\/types\/product"}],"replies":[{"embeddable":true,"href":"https:\/\/ilmoliulampar.is\/en_gb\/wp-json\/wp\/v2\/comments?post=61463"}],"wp:featuredmedia":[{"embeddable":true,"href":"https:\/\/ilmoliulampar.is\/en_gb\/wp-json\/wp\/v2\/media\/61453"}],"wp:attachment":[{"href":"https:\/\/ilmoliulampar.is\/en_gb\/wp-json\/wp\/v2\/media?parent=61463"}],"wp:term":[{"taxonomy":"product_brand","embeddable":true,"href":"https:\/\/ilmoliulampar.is\/en_gb\/wp-json\/wp\/v2\/product_brand?post=61463"},{"taxonomy":"product_cat","embeddable":true,"href":"https:\/\/ilmoliulampar.is\/en_gb\/wp-json\/wp\/v2\/product_cat?post=61463"},{"taxonomy":"product_tag","embeddable":true,"href":"https:\/\/ilmoliulampar.is\/en_gb\/wp-json\/wp\/v2\/product_tag?post=61463"}],"curies":[{"name":"wp","href":"https:\/\/api.w.org\/{rel}","templated":true}]}}