{"id":61492,"date":"2024-10-31T12:02:01","date_gmt":"2024-10-31T12:02:01","guid":{"rendered":"https:\/\/ilmoliulampar.is\/?post_type=product&#038;p=61492"},"modified":"2026-01-29T16:51:32","modified_gmt":"2026-01-29T16:51:32","slug":"glasamottur-tigrisdyr-6-stk","status":"publish","type":"product","link":"https:\/\/ilmoliulampar.is\/en_gb\/product\/glasamottur-tigrisdyr-6-stk\/","title":{"rendered":"Glasamottur &#8211; T\u00edgrisd\u00fdr 6 stk"},"content":{"rendered":"","protected":false},"excerpt":{"rendered":"<p>Flottir og vanda\u00f0ir t\u00edgr\u00edsd\u00fdra glasamottur \u00far PU le\u00f0ri, \u00ed sv\u00f6rtum standi.<br \/>\nKoma 6 saman \u00ed pakka.<\/p>","protected":false},"featured_media":61458,"comment_status":"open","ping_status":"closed","template":"","meta":[],"product_brand":[],"product_cat":[248,132],"product_tag":[],"class_list":{"0":"post-61492","1":"product","2":"type-product","3":"status-publish","4":"has-post-thumbnail","6":"product_cat-bakkarogglasamottur","7":"product_cat-heimilid-2","9":"first","10":"instock","11":"shipping-taxable","12":"purchasable","13":"product-type-simple"},"_links":{"self":[{"href":"https:\/\/ilmoliulampar.is\/en_gb\/wp-json\/wp\/v2\/product\/61492","targetHints":{"allow":["GET"]}}],"collection":[{"href":"https:\/\/ilmoliulampar.is\/en_gb\/wp-json\/wp\/v2\/product"}],"about":[{"href":"https:\/\/ilmoliulampar.is\/en_gb\/wp-json\/wp\/v2\/types\/product"}],"replies":[{"embeddable":true,"href":"https:\/\/ilmoliulampar.is\/en_gb\/wp-json\/wp\/v2\/comments?post=61492"}],"wp:featuredmedia":[{"embeddable":true,"href":"https:\/\/ilmoliulampar.is\/en_gb\/wp-json\/wp\/v2\/media\/61458"}],"wp:attachment":[{"href":"https:\/\/ilmoliulampar.is\/en_gb\/wp-json\/wp\/v2\/media?parent=61492"}],"wp:term":[{"taxonomy":"product_brand","embeddable":true,"href":"https:\/\/ilmoliulampar.is\/en_gb\/wp-json\/wp\/v2\/product_brand?post=61492"},{"taxonomy":"product_cat","embeddable":true,"href":"https:\/\/ilmoliulampar.is\/en_gb\/wp-json\/wp\/v2\/product_cat?post=61492"},{"taxonomy":"product_tag","embeddable":true,"href":"https:\/\/ilmoliulampar.is\/en_gb\/wp-json\/wp\/v2\/product_tag?post=61492"}],"curies":[{"name":"wp","href":"https:\/\/api.w.org\/{rel}","templated":true}]}}