{"id":61641,"date":"2024-11-12T12:35:41","date_gmt":"2024-11-12T12:35:41","guid":{"rendered":"https:\/\/ilmoliulampar.is\/?post_type=product&#038;p=61641"},"modified":"2025-11-07T14:16:43","modified_gmt":"2025-11-07T14:16:43","slug":"merry-christmas-pudi-2-litir","status":"publish","type":"product","link":"https:\/\/ilmoliulampar.is\/en_gb\/product\/merry-christmas-pudi-2-litir\/","title":{"rendered":"Merry Christmas p\u00fa\u00f0i &#8211; 2 litir"},"content":{"rendered":"","protected":false},"excerpt":{"rendered":"<p>\u00d3tr\u00falega flottir j\u00f3lap\u00fa\u00f0ar<\/p>\n<p>St\u00e6r\u00f0 50 x 50 cm<\/p>\n<p>Merry Christmas cushion, black<br \/>\npolyester, 50x50cm<br \/>\nw. hand embroidered pearl decoration<br \/>\nincl. filling, 100% polyester<\/p>\n<p>&nbsp;<\/p>","protected":false},"featured_media":61643,"comment_status":"open","ping_status":"closed","template":"","meta":[],"product_brand":[],"product_cat":[132,136],"product_tag":[],"class_list":{"0":"post-61641","1":"product","2":"type-product","3":"status-publish","4":"has-post-thumbnail","6":"product_cat-heimilid-2","7":"product_cat-jol","9":"first","10":"instock","11":"shipping-taxable","12":"purchasable","13":"product-type-variable"},"_links":{"self":[{"href":"https:\/\/ilmoliulampar.is\/en_gb\/wp-json\/wp\/v2\/product\/61641","targetHints":{"allow":["GET"]}}],"collection":[{"href":"https:\/\/ilmoliulampar.is\/en_gb\/wp-json\/wp\/v2\/product"}],"about":[{"href":"https:\/\/ilmoliulampar.is\/en_gb\/wp-json\/wp\/v2\/types\/product"}],"replies":[{"embeddable":true,"href":"https:\/\/ilmoliulampar.is\/en_gb\/wp-json\/wp\/v2\/comments?post=61641"}],"wp:featuredmedia":[{"embeddable":true,"href":"https:\/\/ilmoliulampar.is\/en_gb\/wp-json\/wp\/v2\/media\/61643"}],"wp:attachment":[{"href":"https:\/\/ilmoliulampar.is\/en_gb\/wp-json\/wp\/v2\/media?parent=61641"}],"wp:term":[{"taxonomy":"product_brand","embeddable":true,"href":"https:\/\/ilmoliulampar.is\/en_gb\/wp-json\/wp\/v2\/product_brand?post=61641"},{"taxonomy":"product_cat","embeddable":true,"href":"https:\/\/ilmoliulampar.is\/en_gb\/wp-json\/wp\/v2\/product_cat?post=61641"},{"taxonomy":"product_tag","embeddable":true,"href":"https:\/\/ilmoliulampar.is\/en_gb\/wp-json\/wp\/v2\/product_tag?post=61641"}],"curies":[{"name":"wp","href":"https:\/\/api.w.org\/{rel}","templated":true}]}}