{"id":61648,"date":"2024-11-12T16:47:05","date_gmt":"2024-11-12T16:47:05","guid":{"rendered":"https:\/\/ilmoliulampar.is\/?post_type=product&#038;p=61648"},"modified":"2025-12-15T14:30:02","modified_gmt":"2025-12-15T14:30:02","slug":"krans-svartur","status":"publish","type":"product","link":"https:\/\/ilmoliulampar.is\/en_gb\/product\/krans-svartur\/","title":{"rendered":"Krans &#8211; Svartur"},"content":{"rendered":"","protected":false},"excerpt":{"rendered":"<p>\u00d3tr\u00falega flottur og veglegur krans \u00far &#8220; Stainless Steel &#8220;<\/p>\n<p>St\u00e6r\u00f0<br \/>\nBreidd 30 cm<br \/>\nh\u00e6\u00f0 11 cm<\/p>","protected":false},"featured_media":61650,"comment_status":"open","ping_status":"closed","template":"","meta":[],"product_brand":[],"product_cat":[136],"product_tag":[],"class_list":{"0":"post-61648","1":"product","2":"type-product","3":"status-publish","4":"has-post-thumbnail","6":"product_cat-jol","8":"first","9":"outofstock","10":"shipping-taxable","11":"purchasable","12":"product-type-simple"},"_links":{"self":[{"href":"https:\/\/ilmoliulampar.is\/en_gb\/wp-json\/wp\/v2\/product\/61648","targetHints":{"allow":["GET"]}}],"collection":[{"href":"https:\/\/ilmoliulampar.is\/en_gb\/wp-json\/wp\/v2\/product"}],"about":[{"href":"https:\/\/ilmoliulampar.is\/en_gb\/wp-json\/wp\/v2\/types\/product"}],"replies":[{"embeddable":true,"href":"https:\/\/ilmoliulampar.is\/en_gb\/wp-json\/wp\/v2\/comments?post=61648"}],"wp:featuredmedia":[{"embeddable":true,"href":"https:\/\/ilmoliulampar.is\/en_gb\/wp-json\/wp\/v2\/media\/61650"}],"wp:attachment":[{"href":"https:\/\/ilmoliulampar.is\/en_gb\/wp-json\/wp\/v2\/media?parent=61648"}],"wp:term":[{"taxonomy":"product_brand","embeddable":true,"href":"https:\/\/ilmoliulampar.is\/en_gb\/wp-json\/wp\/v2\/product_brand?post=61648"},{"taxonomy":"product_cat","embeddable":true,"href":"https:\/\/ilmoliulampar.is\/en_gb\/wp-json\/wp\/v2\/product_cat?post=61648"},{"taxonomy":"product_tag","embeddable":true,"href":"https:\/\/ilmoliulampar.is\/en_gb\/wp-json\/wp\/v2\/product_tag?post=61648"}],"curies":[{"name":"wp","href":"https:\/\/api.w.org\/{rel}","templated":true}]}}