{"id":61652,"date":"2024-11-12T16:49:20","date_gmt":"2024-11-12T16:49:20","guid":{"rendered":"https:\/\/ilmoliulampar.is\/?post_type=product&#038;p=61652"},"modified":"2025-11-24T12:29:39","modified_gmt":"2025-11-24T12:29:39","slug":"krans-dokkgrar","status":"publish","type":"product","link":"https:\/\/ilmoliulampar.is\/en_gb\/product\/krans-dokkgrar\/","title":{"rendered":"Krans &#8211; D\u00f6kkgr\u00e1r"},"content":{"rendered":"","protected":false},"excerpt":{"rendered":"<p>\u00d3tr\u00falega flottur krans fyrir 4 kerti<\/p>\n<p>St\u00e6r\u00f0<br \/>\n37 cm Breidd<br \/>\n12 cm h\u00e6\u00f0<\/p>","protected":false},"featured_media":66509,"comment_status":"open","ping_status":"closed","template":"","meta":[],"product_brand":[],"product_cat":[136],"product_tag":[],"class_list":{"0":"post-61652","1":"product","2":"type-product","3":"status-publish","4":"has-post-thumbnail","6":"product_cat-jol","8":"first","9":"instock","10":"shipping-taxable","11":"purchasable","12":"product-type-simple"},"_links":{"self":[{"href":"https:\/\/ilmoliulampar.is\/en_gb\/wp-json\/wp\/v2\/product\/61652","targetHints":{"allow":["GET"]}}],"collection":[{"href":"https:\/\/ilmoliulampar.is\/en_gb\/wp-json\/wp\/v2\/product"}],"about":[{"href":"https:\/\/ilmoliulampar.is\/en_gb\/wp-json\/wp\/v2\/types\/product"}],"replies":[{"embeddable":true,"href":"https:\/\/ilmoliulampar.is\/en_gb\/wp-json\/wp\/v2\/comments?post=61652"}],"wp:featuredmedia":[{"embeddable":true,"href":"https:\/\/ilmoliulampar.is\/en_gb\/wp-json\/wp\/v2\/media\/66509"}],"wp:attachment":[{"href":"https:\/\/ilmoliulampar.is\/en_gb\/wp-json\/wp\/v2\/media?parent=61652"}],"wp:term":[{"taxonomy":"product_brand","embeddable":true,"href":"https:\/\/ilmoliulampar.is\/en_gb\/wp-json\/wp\/v2\/product_brand?post=61652"},{"taxonomy":"product_cat","embeddable":true,"href":"https:\/\/ilmoliulampar.is\/en_gb\/wp-json\/wp\/v2\/product_cat?post=61652"},{"taxonomy":"product_tag","embeddable":true,"href":"https:\/\/ilmoliulampar.is\/en_gb\/wp-json\/wp\/v2\/product_tag?post=61652"}],"curies":[{"name":"wp","href":"https:\/\/api.w.org\/{rel}","templated":true}]}}