{"id":61667,"date":"2024-11-14T11:54:58","date_gmt":"2024-11-14T11:54:58","guid":{"rendered":"https:\/\/ilmoliulampar.is\/?post_type=product&#038;p=61667"},"modified":"2024-12-03T14:58:02","modified_gmt":"2024-12-03T14:58:02","slug":"black-nevill-office-swivel-chair","status":"publish","type":"product","link":"https:\/\/ilmoliulampar.is\/en_gb\/product\/black-nevill-office-swivel-chair\/","title":{"rendered":"Svartur einstakur skrifbor\u00f0s-sn\u00faningsst\u00f3ll &#8211; Ekta le\u00f0ur"},"content":{"rendered":"","protected":false},"excerpt":{"rendered":"<div><\/div>\n<div>Svarti skrifbor\u00f0s sn\u00faningsst\u00f3llinn er handsm\u00ed\u00f0a\u00f0ur til \u00feess a\u00f0 n\u00e1 \u00feessu einstaka antik \u00fatliti sem a\u00f0eins ver\u00f0ur annars til me\u00f0 margra \u00e1ra notkun.<\/div>\n<div>\u00deessi gl\u00e6silegi st\u00f3ll sameinar einst\u00f6k \u00fe\u00e6gindi og gamalsdags \u00fatlit.<\/div>\n<div>Svona st\u00f3l s\u00e9r\u00f0 \u00fe\u00fa ekki hvar sem er.<\/div>\n<div>Hann kemur fr\u00e1 Bretlandi.<\/div>\n<div><\/div>\n<div>Efni:<\/div>\n<div>Ekta antik le\u00f0ur og kr\u00f3ma\u00f0 st\u00e1l.<\/div>\n<div>H\u00e6\u00f0: 91cm &#8211; breidd: 65cm &#8211; d\u00fdpt: 73cm<\/div>\n<div><\/div>\n<div><\/div>\n<div><\/div>\n<div><\/div>\n<div><\/div>\n<div><\/div>\n<div><\/div>\n<div><\/div>\n<div><\/div>\n<div><\/div>\n<div><\/div>\n<div><\/div>","protected":false},"featured_media":61672,"comment_status":"open","ping_status":"closed","template":"","meta":[],"product_brand":[],"product_cat":[132,254],"product_tag":[],"class_list":{"0":"post-61667","1":"product","2":"type-product","3":"status-publish","4":"has-post-thumbnail","6":"product_cat-heimilid-2","7":"product_cat-stolar","8":"product_shipping_class-stor-vara","10":"first","11":"instock","12":"shipping-taxable","13":"purchasable","14":"product-type-simple"},"_links":{"self":[{"href":"https:\/\/ilmoliulampar.is\/en_gb\/wp-json\/wp\/v2\/product\/61667","targetHints":{"allow":["GET"]}}],"collection":[{"href":"https:\/\/ilmoliulampar.is\/en_gb\/wp-json\/wp\/v2\/product"}],"about":[{"href":"https:\/\/ilmoliulampar.is\/en_gb\/wp-json\/wp\/v2\/types\/product"}],"replies":[{"embeddable":true,"href":"https:\/\/ilmoliulampar.is\/en_gb\/wp-json\/wp\/v2\/comments?post=61667"}],"wp:featuredmedia":[{"embeddable":true,"href":"https:\/\/ilmoliulampar.is\/en_gb\/wp-json\/wp\/v2\/media\/61672"}],"wp:attachment":[{"href":"https:\/\/ilmoliulampar.is\/en_gb\/wp-json\/wp\/v2\/media?parent=61667"}],"wp:term":[{"taxonomy":"product_brand","embeddable":true,"href":"https:\/\/ilmoliulampar.is\/en_gb\/wp-json\/wp\/v2\/product_brand?post=61667"},{"taxonomy":"product_cat","embeddable":true,"href":"https:\/\/ilmoliulampar.is\/en_gb\/wp-json\/wp\/v2\/product_cat?post=61667"},{"taxonomy":"product_tag","embeddable":true,"href":"https:\/\/ilmoliulampar.is\/en_gb\/wp-json\/wp\/v2\/product_tag?post=61667"}],"curies":[{"name":"wp","href":"https:\/\/api.w.org\/{rel}","templated":true}]}}