{"id":61706,"date":"2024-11-14T13:40:38","date_gmt":"2024-11-14T13:40:38","guid":{"rendered":"https:\/\/ilmoliulampar.is\/?post_type=product&#038;p=61706"},"modified":"2024-11-23T13:17:39","modified_gmt":"2024-11-23T13:17:39","slug":"love-is-all","status":"publish","type":"product","link":"https:\/\/ilmoliulampar.is\/en_gb\/product\/love-is-all\/","title":{"rendered":"LOVE IS ALL <3 PERA"},"content":{"rendered":"","protected":false},"excerpt":{"rendered":"<p>Love is all &lt;3 \u00a0LED lj\u00f3sapera! Gulir stafir, amber gler.<\/p>\n<p>S\u00e9rstaklega vanda\u00f0ar, \u00a0franskar,handger\u00f0ar LED lj\u00f3saperur fr\u00e1 \u00feeim s\u00f6mu og f\u00e6r\u00f0u okkur \u201efr\u00f6nsku lj\u00f3sin\u201c!<\/p>\n<p>Um er a\u00f0 r\u00e6\u00f0a handger\u00f0ar, dimmanlegar perur.<\/p>\n<p>St\u00e6r\u00f0: 172mm x 125 mm<\/p>","protected":false},"featured_media":61690,"comment_status":"open","ping_status":"closed","template":"","meta":[],"product_brand":[],"product_cat":[150],"product_tag":[],"class_list":{"0":"post-61706","1":"product","2":"type-product","3":"status-publish","4":"has-post-thumbnail","6":"product_cat-skilabod-i-peru-og-lampar","8":"first","9":"instock","10":"shipping-taxable","11":"purchasable","12":"product-type-simple"},"_links":{"self":[{"href":"https:\/\/ilmoliulampar.is\/en_gb\/wp-json\/wp\/v2\/product\/61706","targetHints":{"allow":["GET"]}}],"collection":[{"href":"https:\/\/ilmoliulampar.is\/en_gb\/wp-json\/wp\/v2\/product"}],"about":[{"href":"https:\/\/ilmoliulampar.is\/en_gb\/wp-json\/wp\/v2\/types\/product"}],"replies":[{"embeddable":true,"href":"https:\/\/ilmoliulampar.is\/en_gb\/wp-json\/wp\/v2\/comments?post=61706"}],"wp:featuredmedia":[{"embeddable":true,"href":"https:\/\/ilmoliulampar.is\/en_gb\/wp-json\/wp\/v2\/media\/61690"}],"wp:attachment":[{"href":"https:\/\/ilmoliulampar.is\/en_gb\/wp-json\/wp\/v2\/media?parent=61706"}],"wp:term":[{"taxonomy":"product_brand","embeddable":true,"href":"https:\/\/ilmoliulampar.is\/en_gb\/wp-json\/wp\/v2\/product_brand?post=61706"},{"taxonomy":"product_cat","embeddable":true,"href":"https:\/\/ilmoliulampar.is\/en_gb\/wp-json\/wp\/v2\/product_cat?post=61706"},{"taxonomy":"product_tag","embeddable":true,"href":"https:\/\/ilmoliulampar.is\/en_gb\/wp-json\/wp\/v2\/product_tag?post=61706"}],"curies":[{"name":"wp","href":"https:\/\/api.w.org\/{rel}","templated":true}]}}