{"id":61770,"date":"2024-11-19T16:26:23","date_gmt":"2024-11-19T16:26:23","guid":{"rendered":"https:\/\/ilmoliulampar.is\/?post_type=product&#038;p=61770"},"modified":"2025-12-16T16:32:48","modified_gmt":"2025-12-16T16:32:48","slug":"kristal-stjaki-33-cm","status":"publish","type":"product","link":"https:\/\/ilmoliulampar.is\/en_gb\/product\/kristal-stjaki-33-cm\/","title":{"rendered":"Kristal stjaki &#8211; 33 cm"},"content":{"rendered":"","protected":false},"excerpt":{"rendered":"<p>\u00d3tr\u00falega flottur kristal stjaki fr\u00e1 Werner Voss<br \/>\nFj\u00f3lubl\u00e1r &amp; rau\u00f0ur<\/p>\n<p>St\u00e6r\u00f0<br \/>\nH\u00e6\u00f0 33 cm<br \/>\nBreidd 10 cm<\/p>","protected":false},"featured_media":61771,"comment_status":"open","ping_status":"closed","template":"","meta":[],"product_brand":[],"product_cat":[132,246],"product_tag":[],"class_list":{"0":"post-61770","1":"product","2":"type-product","3":"status-publish","4":"has-post-thumbnail","6":"product_cat-heimilid-2","7":"product_cat-kertastjakar","9":"first","10":"instock","11":"shipping-taxable","12":"purchasable","13":"product-type-simple"},"_links":{"self":[{"href":"https:\/\/ilmoliulampar.is\/en_gb\/wp-json\/wp\/v2\/product\/61770","targetHints":{"allow":["GET"]}}],"collection":[{"href":"https:\/\/ilmoliulampar.is\/en_gb\/wp-json\/wp\/v2\/product"}],"about":[{"href":"https:\/\/ilmoliulampar.is\/en_gb\/wp-json\/wp\/v2\/types\/product"}],"replies":[{"embeddable":true,"href":"https:\/\/ilmoliulampar.is\/en_gb\/wp-json\/wp\/v2\/comments?post=61770"}],"wp:featuredmedia":[{"embeddable":true,"href":"https:\/\/ilmoliulampar.is\/en_gb\/wp-json\/wp\/v2\/media\/61771"}],"wp:attachment":[{"href":"https:\/\/ilmoliulampar.is\/en_gb\/wp-json\/wp\/v2\/media?parent=61770"}],"wp:term":[{"taxonomy":"product_brand","embeddable":true,"href":"https:\/\/ilmoliulampar.is\/en_gb\/wp-json\/wp\/v2\/product_brand?post=61770"},{"taxonomy":"product_cat","embeddable":true,"href":"https:\/\/ilmoliulampar.is\/en_gb\/wp-json\/wp\/v2\/product_cat?post=61770"},{"taxonomy":"product_tag","embeddable":true,"href":"https:\/\/ilmoliulampar.is\/en_gb\/wp-json\/wp\/v2\/product_tag?post=61770"}],"curies":[{"name":"wp","href":"https:\/\/api.w.org\/{rel}","templated":true}]}}