{"id":61798,"date":"2024-11-20T15:14:56","date_gmt":"2024-11-20T15:14:56","guid":{"rendered":"https:\/\/ilmoliulampar.is\/?post_type=product&#038;p=61798"},"modified":"2024-12-13T15:07:31","modified_gmt":"2024-12-13T15:07:31","slug":"glimmer-hreindyr-53-cm","status":"publish","type":"product","link":"https:\/\/ilmoliulampar.is\/en_gb\/product\/glimmer-hreindyr-53-cm\/","title":{"rendered":"Glimmer Hreind\u00fdr &#8211;  53 cm"},"content":{"rendered":"","protected":false},"excerpt":{"rendered":"<p>\u00d3tr\u00falega flott og vanda\u00f0 glitrandi Hreind\u00fdr me\u00f0 gylltan krans og gyllt horn.<\/p>\n<p>St\u00e6r\u00f0<br \/>\nH\u00e6\u00f0 53 cm<br \/>\nLengd 51 cm<br \/>\nBreidd 30 cm<\/p>","protected":false},"featured_media":61799,"comment_status":"open","ping_status":"closed","template":"","meta":[],"product_brand":[],"product_cat":[136],"product_tag":[],"class_list":{"0":"post-61798","1":"product","2":"type-product","3":"status-publish","4":"has-post-thumbnail","6":"product_cat-jol","8":"first","9":"instock","10":"shipping-taxable","11":"purchasable","12":"product-type-simple"},"_links":{"self":[{"href":"https:\/\/ilmoliulampar.is\/en_gb\/wp-json\/wp\/v2\/product\/61798","targetHints":{"allow":["GET"]}}],"collection":[{"href":"https:\/\/ilmoliulampar.is\/en_gb\/wp-json\/wp\/v2\/product"}],"about":[{"href":"https:\/\/ilmoliulampar.is\/en_gb\/wp-json\/wp\/v2\/types\/product"}],"replies":[{"embeddable":true,"href":"https:\/\/ilmoliulampar.is\/en_gb\/wp-json\/wp\/v2\/comments?post=61798"}],"wp:featuredmedia":[{"embeddable":true,"href":"https:\/\/ilmoliulampar.is\/en_gb\/wp-json\/wp\/v2\/media\/61799"}],"wp:attachment":[{"href":"https:\/\/ilmoliulampar.is\/en_gb\/wp-json\/wp\/v2\/media?parent=61798"}],"wp:term":[{"taxonomy":"product_brand","embeddable":true,"href":"https:\/\/ilmoliulampar.is\/en_gb\/wp-json\/wp\/v2\/product_brand?post=61798"},{"taxonomy":"product_cat","embeddable":true,"href":"https:\/\/ilmoliulampar.is\/en_gb\/wp-json\/wp\/v2\/product_cat?post=61798"},{"taxonomy":"product_tag","embeddable":true,"href":"https:\/\/ilmoliulampar.is\/en_gb\/wp-json\/wp\/v2\/product_tag?post=61798"}],"curies":[{"name":"wp","href":"https:\/\/api.w.org\/{rel}","templated":true}]}}