{"id":61808,"date":"2024-11-20T15:50:28","date_gmt":"2024-11-20T15:50:28","guid":{"rendered":"https:\/\/ilmoliulampar.is\/?post_type=product&#038;p=61808"},"modified":"2024-12-03T13:51:25","modified_gmt":"2024-12-03T13:51:25","slug":"jola-vasar-4-litir","status":"publish","type":"product","link":"https:\/\/ilmoliulampar.is\/en_gb\/product\/jola-vasar-4-litir\/","title":{"rendered":"J\u00f3la vasar &#8211; 4 litir"},"content":{"rendered":"","protected":false},"excerpt":{"rendered":"<p>\u00d3tr\u00falega flottir keramik bl\u00f3mavasar fr\u00e1 Werner Voss<\/p>\n<p>Koma \u00ed 4 litum &amp; 2 st\u00e6r\u00f0um<\/p>\n<p>Gr\u00e6ni St\u00e6r\u00f0<br \/>\nH\u00e6\u00f0 28 cm<br \/>\nBreidd 25 cm<\/p>\n<p>Gull &#8211; rau\u00f0ur &#8211; silfur st\u00e6r\u00f0<br \/>\nH\u00e6\u00f0 18 cm<br \/>\nBreidd 25 cm<\/p>","protected":false},"featured_media":61810,"comment_status":"open","ping_status":"closed","template":"","meta":[],"product_brand":[],"product_cat":[250,132,136],"product_tag":[],"class_list":{"0":"post-61808","1":"product","2":"type-product","3":"status-publish","4":"has-post-thumbnail","6":"product_cat-blomapottarvasar","7":"product_cat-heimilid-2","8":"product_cat-jol","10":"first","11":"instock","12":"shipping-taxable","13":"purchasable","14":"product-type-variable"},"_links":{"self":[{"href":"https:\/\/ilmoliulampar.is\/en_gb\/wp-json\/wp\/v2\/product\/61808","targetHints":{"allow":["GET"]}}],"collection":[{"href":"https:\/\/ilmoliulampar.is\/en_gb\/wp-json\/wp\/v2\/product"}],"about":[{"href":"https:\/\/ilmoliulampar.is\/en_gb\/wp-json\/wp\/v2\/types\/product"}],"replies":[{"embeddable":true,"href":"https:\/\/ilmoliulampar.is\/en_gb\/wp-json\/wp\/v2\/comments?post=61808"}],"wp:featuredmedia":[{"embeddable":true,"href":"https:\/\/ilmoliulampar.is\/en_gb\/wp-json\/wp\/v2\/media\/61810"}],"wp:attachment":[{"href":"https:\/\/ilmoliulampar.is\/en_gb\/wp-json\/wp\/v2\/media?parent=61808"}],"wp:term":[{"taxonomy":"product_brand","embeddable":true,"href":"https:\/\/ilmoliulampar.is\/en_gb\/wp-json\/wp\/v2\/product_brand?post=61808"},{"taxonomy":"product_cat","embeddable":true,"href":"https:\/\/ilmoliulampar.is\/en_gb\/wp-json\/wp\/v2\/product_cat?post=61808"},{"taxonomy":"product_tag","embeddable":true,"href":"https:\/\/ilmoliulampar.is\/en_gb\/wp-json\/wp\/v2\/product_tag?post=61808"}],"curies":[{"name":"wp","href":"https:\/\/api.w.org\/{rel}","templated":true}]}}