{"id":61818,"date":"2024-11-20T16:12:24","date_gmt":"2024-11-20T16:12:24","guid":{"rendered":"https:\/\/ilmoliulampar.is\/?post_type=product&#038;p=61818"},"modified":"2025-10-31T16:27:35","modified_gmt":"2025-10-31T16:27:35","slug":"led-stjarna-3d-batteri-10-cm","status":"publish","type":"product","link":"https:\/\/ilmoliulampar.is\/en_gb\/product\/led-stjarna-3d-batteri-10-cm\/","title":{"rendered":"Led Stjarna 3D &#8211; Batter\u00ed 10 cm"},"content":{"rendered":"","protected":false},"excerpt":{"rendered":"<div>\u00d3tr\u00falega flott Led stjarna sem \u00fe\u00fa getur sett hvar sem er \u00fev\u00ed hun gengur fyrir batter\u00ed<\/div>\n<div><\/div>\n<div class=\"value\">LED star 3D, white<br \/>\n1 LED warm white, 10cm<br \/>\nIP44, with timer function, battery operated<br \/>\n3xAA (not incl.)<br \/>\nsupply cable 50cm<\/div>","protected":false},"featured_media":61820,"comment_status":"open","ping_status":"closed","template":"","meta":[],"product_brand":[],"product_cat":[136],"product_tag":[],"class_list":{"0":"post-61818","1":"product","2":"type-product","3":"status-publish","4":"has-post-thumbnail","6":"product_cat-jol","8":"first","9":"instock","10":"shipping-taxable","11":"purchasable","12":"product-type-simple"},"_links":{"self":[{"href":"https:\/\/ilmoliulampar.is\/en_gb\/wp-json\/wp\/v2\/product\/61818","targetHints":{"allow":["GET"]}}],"collection":[{"href":"https:\/\/ilmoliulampar.is\/en_gb\/wp-json\/wp\/v2\/product"}],"about":[{"href":"https:\/\/ilmoliulampar.is\/en_gb\/wp-json\/wp\/v2\/types\/product"}],"replies":[{"embeddable":true,"href":"https:\/\/ilmoliulampar.is\/en_gb\/wp-json\/wp\/v2\/comments?post=61818"}],"wp:featuredmedia":[{"embeddable":true,"href":"https:\/\/ilmoliulampar.is\/en_gb\/wp-json\/wp\/v2\/media\/61820"}],"wp:attachment":[{"href":"https:\/\/ilmoliulampar.is\/en_gb\/wp-json\/wp\/v2\/media?parent=61818"}],"wp:term":[{"taxonomy":"product_brand","embeddable":true,"href":"https:\/\/ilmoliulampar.is\/en_gb\/wp-json\/wp\/v2\/product_brand?post=61818"},{"taxonomy":"product_cat","embeddable":true,"href":"https:\/\/ilmoliulampar.is\/en_gb\/wp-json\/wp\/v2\/product_cat?post=61818"},{"taxonomy":"product_tag","embeddable":true,"href":"https:\/\/ilmoliulampar.is\/en_gb\/wp-json\/wp\/v2\/product_tag?post=61818"}],"curies":[{"name":"wp","href":"https:\/\/api.w.org\/{rel}","templated":true}]}}