{"id":61822,"date":"2024-11-20T16:43:16","date_gmt":"2024-11-20T16:43:16","guid":{"rendered":"https:\/\/ilmoliulampar.is\/?post_type=product&#038;p=61822"},"modified":"2026-01-19T14:06:45","modified_gmt":"2026-01-19T14:06:45","slug":"einhyrningur-vegglampi","status":"publish","type":"product","link":"https:\/\/ilmoliulampar.is\/en_gb\/product\/einhyrningur-vegglampi\/","title":{"rendered":"Einhyrningur &#8211; Vegglampi"},"content":{"rendered":"","protected":false},"excerpt":{"rendered":"<p>Hversu s\u00e6tur Einhyrningur &lt;3<br \/>\nHv\u00edtur me\u00f0 gyllt horn.<\/p>\n<p>St\u00e6r\u00f0<br \/>\nH\u00e6\u00f0 42 cm<br \/>\nLengd 41 cm<br \/>\nBreidd 17,5 cm<\/p>\n<p>E27 perust\u00e6\u00f0i ( ATH pera fylgir ekki me\u00f0 )<\/p>","protected":false},"featured_media":61823,"comment_status":"open","ping_status":"closed","template":"","meta":[],"product_brand":[],"product_cat":[132,230,107,121,185],"product_tag":[],"class_list":{"0":"post-61822","1":"product","2":"type-product","3":"status-publish","4":"has-post-thumbnail","6":"product_cat-heimilid-2","7":"product_cat-laekkadverd","8":"product_cat-lampar","9":"product_cat-tilbod-adrar-vorur","10":"product_cat-vegglampar","12":"first","13":"outofstock","14":"sale","15":"shipping-taxable","16":"purchasable","17":"product-type-simple"},"_links":{"self":[{"href":"https:\/\/ilmoliulampar.is\/en_gb\/wp-json\/wp\/v2\/product\/61822","targetHints":{"allow":["GET"]}}],"collection":[{"href":"https:\/\/ilmoliulampar.is\/en_gb\/wp-json\/wp\/v2\/product"}],"about":[{"href":"https:\/\/ilmoliulampar.is\/en_gb\/wp-json\/wp\/v2\/types\/product"}],"replies":[{"embeddable":true,"href":"https:\/\/ilmoliulampar.is\/en_gb\/wp-json\/wp\/v2\/comments?post=61822"}],"wp:featuredmedia":[{"embeddable":true,"href":"https:\/\/ilmoliulampar.is\/en_gb\/wp-json\/wp\/v2\/media\/61823"}],"wp:attachment":[{"href":"https:\/\/ilmoliulampar.is\/en_gb\/wp-json\/wp\/v2\/media?parent=61822"}],"wp:term":[{"taxonomy":"product_brand","embeddable":true,"href":"https:\/\/ilmoliulampar.is\/en_gb\/wp-json\/wp\/v2\/product_brand?post=61822"},{"taxonomy":"product_cat","embeddable":true,"href":"https:\/\/ilmoliulampar.is\/en_gb\/wp-json\/wp\/v2\/product_cat?post=61822"},{"taxonomy":"product_tag","embeddable":true,"href":"https:\/\/ilmoliulampar.is\/en_gb\/wp-json\/wp\/v2\/product_tag?post=61822"}],"curies":[{"name":"wp","href":"https:\/\/api.w.org\/{rel}","templated":true}]}}