{"id":61831,"date":"2024-11-21T11:55:19","date_gmt":"2024-11-21T11:55:19","guid":{"rendered":"https:\/\/ilmoliulampar.is\/?post_type=product&#038;p=61831"},"modified":"2026-01-30T14:30:22","modified_gmt":"2026-01-30T14:30:22","slug":"baby-svartur-svanur","status":"publish","type":"product","link":"https:\/\/ilmoliulampar.is\/en_gb\/product\/baby-svartur-svanur\/","title":{"rendered":"Baby Svartur Svanur &#8211; Vegglampi"},"content":{"rendered":"","protected":false},"excerpt":{"rendered":"<p>Baby Svanurinn er minni \u00fatg\u00e1fan af vins\u00e6la vegglampanum okkar svarta svaninum.<\/p>\n<p>St\u00e6r\u00f0<br \/>\nH\u00e6\u00f0 35 cm<br \/>\nBreidd 15 cm<\/p>\n<p>ATH ( pera fylgir ekki me\u00f0 en hann er s\u00e9rstaklega smart me\u00f0 skrautperu ) E27<\/p>\n<p>H\u00e9r m\u00e1 sj\u00e1 <a href=\"https:\/\/ilmoliulampar.is\/en_gb\/product\/svartur-svanur-veggljos\/\">st\u00e6rri svarta svaninn\u00a0<\/a><\/p>","protected":false},"featured_media":61832,"comment_status":"open","ping_status":"closed","template":"","meta":[],"product_brand":[],"product_cat":[132,107,185],"product_tag":[],"class_list":{"0":"post-61831","1":"product","2":"type-product","3":"status-publish","4":"has-post-thumbnail","6":"product_cat-heimilid-2","7":"product_cat-lampar","8":"product_cat-vegglampar","10":"first","11":"instock","12":"shipping-taxable","13":"purchasable","14":"product-type-simple"},"_links":{"self":[{"href":"https:\/\/ilmoliulampar.is\/en_gb\/wp-json\/wp\/v2\/product\/61831","targetHints":{"allow":["GET"]}}],"collection":[{"href":"https:\/\/ilmoliulampar.is\/en_gb\/wp-json\/wp\/v2\/product"}],"about":[{"href":"https:\/\/ilmoliulampar.is\/en_gb\/wp-json\/wp\/v2\/types\/product"}],"replies":[{"embeddable":true,"href":"https:\/\/ilmoliulampar.is\/en_gb\/wp-json\/wp\/v2\/comments?post=61831"}],"wp:featuredmedia":[{"embeddable":true,"href":"https:\/\/ilmoliulampar.is\/en_gb\/wp-json\/wp\/v2\/media\/61832"}],"wp:attachment":[{"href":"https:\/\/ilmoliulampar.is\/en_gb\/wp-json\/wp\/v2\/media?parent=61831"}],"wp:term":[{"taxonomy":"product_brand","embeddable":true,"href":"https:\/\/ilmoliulampar.is\/en_gb\/wp-json\/wp\/v2\/product_brand?post=61831"},{"taxonomy":"product_cat","embeddable":true,"href":"https:\/\/ilmoliulampar.is\/en_gb\/wp-json\/wp\/v2\/product_cat?post=61831"},{"taxonomy":"product_tag","embeddable":true,"href":"https:\/\/ilmoliulampar.is\/en_gb\/wp-json\/wp\/v2\/product_tag?post=61831"}],"curies":[{"name":"wp","href":"https:\/\/api.w.org\/{rel}","templated":true}]}}