{"id":61835,"date":"2024-11-21T12:35:07","date_gmt":"2024-11-21T12:35:07","guid":{"rendered":"https:\/\/ilmoliulampar.is\/?post_type=product&#038;p=61835"},"modified":"2026-01-30T12:55:55","modified_gmt":"2026-01-30T12:55:55","slug":"bordlampi-franskur-bulldog-3-litir","status":"publish","type":"product","link":"https:\/\/ilmoliulampar.is\/en_gb\/product\/bordlampi-franskur-bulldog-3-litir\/","title":{"rendered":"Bor\u00f0lampi &#8211; Franskur Bulldog hundur, 3 litir"},"content":{"rendered":"","protected":false},"excerpt":{"rendered":"<p>\u00d3tr\u00falega kr\u00fatta\u00f0ir bor\u00f0lampar !!!<\/p>\n<p>Franskur Bulldog \u00far polyresin bl\u00f6ndu kemur \u00ed 3 litum.<\/p>\n<p>Svartur me\u00f0 silfur demants \u00f3l.<\/p>\n<p>Gull me\u00f0 svarta demants \u00f3l.<\/p>\n<p>Hv\u00edtur me\u00f0 silfur demants \u00f3l.<\/p>\n<p>25 x 15 x 29cm &#8211; E14 pera (Fylgir ekki me\u00f0)<\/p>","protected":false},"featured_media":61844,"comment_status":"open","ping_status":"closed","template":"","meta":[],"product_brand":[],"product_cat":[184,132,107],"product_tag":[],"class_list":{"0":"post-61835","1":"product","2":"type-product","3":"status-publish","4":"has-post-thumbnail","6":"product_cat-bordlampar","7":"product_cat-heimilid-2","8":"product_cat-lampar","10":"first","11":"instock","12":"shipping-taxable","13":"purchasable","14":"product-type-variable"},"_links":{"self":[{"href":"https:\/\/ilmoliulampar.is\/en_gb\/wp-json\/wp\/v2\/product\/61835","targetHints":{"allow":["GET"]}}],"collection":[{"href":"https:\/\/ilmoliulampar.is\/en_gb\/wp-json\/wp\/v2\/product"}],"about":[{"href":"https:\/\/ilmoliulampar.is\/en_gb\/wp-json\/wp\/v2\/types\/product"}],"replies":[{"embeddable":true,"href":"https:\/\/ilmoliulampar.is\/en_gb\/wp-json\/wp\/v2\/comments?post=61835"}],"wp:featuredmedia":[{"embeddable":true,"href":"https:\/\/ilmoliulampar.is\/en_gb\/wp-json\/wp\/v2\/media\/61844"}],"wp:attachment":[{"href":"https:\/\/ilmoliulampar.is\/en_gb\/wp-json\/wp\/v2\/media?parent=61835"}],"wp:term":[{"taxonomy":"product_brand","embeddable":true,"href":"https:\/\/ilmoliulampar.is\/en_gb\/wp-json\/wp\/v2\/product_brand?post=61835"},{"taxonomy":"product_cat","embeddable":true,"href":"https:\/\/ilmoliulampar.is\/en_gb\/wp-json\/wp\/v2\/product_cat?post=61835"},{"taxonomy":"product_tag","embeddable":true,"href":"https:\/\/ilmoliulampar.is\/en_gb\/wp-json\/wp\/v2\/product_tag?post=61835"}],"curies":[{"name":"wp","href":"https:\/\/api.w.org\/{rel}","templated":true}]}}