{"id":61862,"date":"2024-11-22T13:11:20","date_gmt":"2024-11-22T13:11:20","guid":{"rendered":"https:\/\/ilmoliulampar.is\/?post_type=product&#038;p=61862"},"modified":"2025-05-22T19:22:59","modified_gmt":"2025-05-22T19:22:59","slug":"sotronu-vasi","status":"publish","type":"product","link":"https:\/\/ilmoliulampar.is\/en_gb\/product\/sotronu-vasi\/","title":{"rendered":"S\u00edtr\u00f3nu Vasi"},"content":{"rendered":"","protected":false},"excerpt":{"rendered":"<p>\u00d3tr\u00falega flottur og vanda\u00f0ur handger\u00f0ur S\u00edtr\u00f3nu vasi fr\u00e1 Werner Voss<br \/>\nHann er \u00far leir, \u00feungur og veglegur<\/p>\n<p>St\u00e6r\u00f0<br \/>\nH\u00e6\u00f0 26 cm<br \/>\nBreidd 19 cm<\/p>","protected":false},"featured_media":61867,"comment_status":"open","ping_status":"closed","template":"","meta":[],"product_brand":[],"product_cat":[250,132],"product_tag":[],"class_list":{"0":"post-61862","1":"product","2":"type-product","3":"status-publish","4":"has-post-thumbnail","6":"product_cat-blomapottarvasar","7":"product_cat-heimilid-2","9":"first","10":"outofstock","11":"shipping-taxable","12":"purchasable","13":"product-type-simple"},"_links":{"self":[{"href":"https:\/\/ilmoliulampar.is\/en_gb\/wp-json\/wp\/v2\/product\/61862","targetHints":{"allow":["GET"]}}],"collection":[{"href":"https:\/\/ilmoliulampar.is\/en_gb\/wp-json\/wp\/v2\/product"}],"about":[{"href":"https:\/\/ilmoliulampar.is\/en_gb\/wp-json\/wp\/v2\/types\/product"}],"replies":[{"embeddable":true,"href":"https:\/\/ilmoliulampar.is\/en_gb\/wp-json\/wp\/v2\/comments?post=61862"}],"wp:featuredmedia":[{"embeddable":true,"href":"https:\/\/ilmoliulampar.is\/en_gb\/wp-json\/wp\/v2\/media\/61867"}],"wp:attachment":[{"href":"https:\/\/ilmoliulampar.is\/en_gb\/wp-json\/wp\/v2\/media?parent=61862"}],"wp:term":[{"taxonomy":"product_brand","embeddable":true,"href":"https:\/\/ilmoliulampar.is\/en_gb\/wp-json\/wp\/v2\/product_brand?post=61862"},{"taxonomy":"product_cat","embeddable":true,"href":"https:\/\/ilmoliulampar.is\/en_gb\/wp-json\/wp\/v2\/product_cat?post=61862"},{"taxonomy":"product_tag","embeddable":true,"href":"https:\/\/ilmoliulampar.is\/en_gb\/wp-json\/wp\/v2\/product_tag?post=61862"}],"curies":[{"name":"wp","href":"https:\/\/api.w.org\/{rel}","templated":true}]}}