{"id":61889,"date":"2024-11-22T15:47:46","date_gmt":"2024-11-22T15:47:46","guid":{"rendered":"https:\/\/ilmoliulampar.is\/?post_type=product&#038;p=61889"},"modified":"2024-11-22T22:10:24","modified_gmt":"2024-11-22T22:10:24","slug":"jolakerti-vanilla-bean-pumpkin","status":"publish","type":"product","link":"https:\/\/ilmoliulampar.is\/en_gb\/product\/jolakerti-vanilla-bean-pumpkin\/","title":{"rendered":"J\u00f3lakerti &#8211; 2 ilmir"},"content":{"rendered":"","protected":false},"excerpt":{"rendered":"<p>\u00d3tr\u00falega fallegt j\u00f3lailmkerti sem var framleitt s\u00e9rstaklega fyrir okkur.<br \/>\nTexti : J\u00f3lin m\u00edn &amp; j\u00f3lin \u00fe\u00edn \ud83c\udf32 j\u00f3lin okkar.<\/p>\n<p>Vanilla Bean &amp; Pumpkin<br \/>\nApple Cinnamon<\/p>\n<p>Kerti\u00f0 er framleitt \u00far hreinu pl\u00f6ntuvaxi &amp; ilmkjarnaol\u00edum.<\/p>\n<p>Brennslut\u00edmi 45 klst<\/p>","protected":false},"featured_media":61890,"comment_status":"open","ping_status":"closed","template":"","meta":[],"product_brand":[],"product_cat":[201,136,202],"product_tag":[],"class_list":{"0":"post-61889","1":"product","2":"type-product","3":"status-publish","4":"has-post-thumbnail","6":"product_cat-ilmkerti-2","7":"product_cat-jol","8":"product_cat-llmkerti-sprey-2","10":"first","11":"instock","12":"shipping-taxable","13":"purchasable","14":"product-type-variable"},"_links":{"self":[{"href":"https:\/\/ilmoliulampar.is\/en_gb\/wp-json\/wp\/v2\/product\/61889","targetHints":{"allow":["GET"]}}],"collection":[{"href":"https:\/\/ilmoliulampar.is\/en_gb\/wp-json\/wp\/v2\/product"}],"about":[{"href":"https:\/\/ilmoliulampar.is\/en_gb\/wp-json\/wp\/v2\/types\/product"}],"replies":[{"embeddable":true,"href":"https:\/\/ilmoliulampar.is\/en_gb\/wp-json\/wp\/v2\/comments?post=61889"}],"wp:featuredmedia":[{"embeddable":true,"href":"https:\/\/ilmoliulampar.is\/en_gb\/wp-json\/wp\/v2\/media\/61890"}],"wp:attachment":[{"href":"https:\/\/ilmoliulampar.is\/en_gb\/wp-json\/wp\/v2\/media?parent=61889"}],"wp:term":[{"taxonomy":"product_brand","embeddable":true,"href":"https:\/\/ilmoliulampar.is\/en_gb\/wp-json\/wp\/v2\/product_brand?post=61889"},{"taxonomy":"product_cat","embeddable":true,"href":"https:\/\/ilmoliulampar.is\/en_gb\/wp-json\/wp\/v2\/product_cat?post=61889"},{"taxonomy":"product_tag","embeddable":true,"href":"https:\/\/ilmoliulampar.is\/en_gb\/wp-json\/wp\/v2\/product_tag?post=61889"}],"curies":[{"name":"wp","href":"https:\/\/api.w.org\/{rel}","templated":true}]}}