{"id":61932,"date":"2024-11-26T15:19:48","date_gmt":"2024-11-26T15:19:48","guid":{"rendered":"https:\/\/ilmoliulampar.is\/?post_type=product&#038;p=61932"},"modified":"2025-11-29T12:10:06","modified_gmt":"2025-11-29T12:10:06","slug":"golflampi-pafagaukur","status":"publish","type":"product","link":"https:\/\/ilmoliulampar.is\/en_gb\/product\/golflampi-pafagaukur\/","title":{"rendered":"G\u00f3lflampi &#8211; P\u00e1fagaukur"},"content":{"rendered":"","protected":false},"excerpt":{"rendered":"<p>\u00d3tr\u00falega flottur P\u00e1fagaukur , G\u00f3lflampi.<\/p>\n<p>H\u00e6\u00f0:<span class=\"metafield-dimension\"><span class=\"metafield-dimension_value\">154 <\/span><span class=\"metafield-dimension_unit\">cm<\/span><\/span><\/p>\n<p>Breidd:<span class=\"metafield-dimension\"><span class=\"metafield-dimension_value\">50.5 <\/span><span class=\"metafield-dimension_unit\">cm<\/span><\/span><\/p>\n<p>D\u00fdpt:<span class=\"metafield-dimension\"><span class=\"metafield-dimension_value\">50.5 <\/span><span class=\"metafield-dimension_unit\">cm<\/span><\/span><\/p>\n<p>\u00deyngd: <span class=\"metafield-weight\"><span class=\"metafield-weight_value\">3.6 <\/span><span class=\"metafield-weight_unit\">kg<\/span><\/span><\/p>","protected":false},"featured_media":61933,"comment_status":"open","ping_status":"closed","template":"","meta":[],"product_brand":[],"product_cat":[183,132,230],"product_tag":[],"class_list":{"0":"post-61932","1":"product","2":"type-product","3":"status-publish","4":"has-post-thumbnail","6":"product_cat-golflampar","7":"product_cat-heimilid-2","8":"product_cat-laekkadverd","10":"first","11":"instock","12":"sale","13":"shipping-taxable","14":"purchasable","15":"product-type-simple"},"_links":{"self":[{"href":"https:\/\/ilmoliulampar.is\/en_gb\/wp-json\/wp\/v2\/product\/61932","targetHints":{"allow":["GET"]}}],"collection":[{"href":"https:\/\/ilmoliulampar.is\/en_gb\/wp-json\/wp\/v2\/product"}],"about":[{"href":"https:\/\/ilmoliulampar.is\/en_gb\/wp-json\/wp\/v2\/types\/product"}],"replies":[{"embeddable":true,"href":"https:\/\/ilmoliulampar.is\/en_gb\/wp-json\/wp\/v2\/comments?post=61932"}],"wp:featuredmedia":[{"embeddable":true,"href":"https:\/\/ilmoliulampar.is\/en_gb\/wp-json\/wp\/v2\/media\/61933"}],"wp:attachment":[{"href":"https:\/\/ilmoliulampar.is\/en_gb\/wp-json\/wp\/v2\/media?parent=61932"}],"wp:term":[{"taxonomy":"product_brand","embeddable":true,"href":"https:\/\/ilmoliulampar.is\/en_gb\/wp-json\/wp\/v2\/product_brand?post=61932"},{"taxonomy":"product_cat","embeddable":true,"href":"https:\/\/ilmoliulampar.is\/en_gb\/wp-json\/wp\/v2\/product_cat?post=61932"},{"taxonomy":"product_tag","embeddable":true,"href":"https:\/\/ilmoliulampar.is\/en_gb\/wp-json\/wp\/v2\/product_tag?post=61932"}],"curies":[{"name":"wp","href":"https:\/\/api.w.org\/{rel}","templated":true}]}}