{"id":61969,"date":"2024-11-28T14:15:27","date_gmt":"2024-11-28T14:15:27","guid":{"rendered":"https:\/\/ilmoliulampar.is\/?post_type=product&#038;p=61969"},"modified":"2026-02-12T14:55:59","modified_gmt":"2026-02-12T14:55:59","slug":"ilmstangir-150ml-premium-skogar-angan","status":"publish","type":"product","link":"https:\/\/ilmoliulampar.is\/en_gb\/product\/ilmstangir-150ml-premium-skogar-angan\/","title":{"rendered":"Sk\u00f3gar Angan &#8211; ilmstangir"},"content":{"rendered":"","protected":false},"excerpt":{"rendered":"<p>Ilmstangir fr\u00e1 Areon \u00ed ilminum Sk\u00f3gar Angan!<\/p>\n<p>Sk\u00f3gar angan er vi\u00f0arilmur me\u00f0 gr\u00e6num undirt\u00f3n, ilmur sem minnir \u00e1 ferskan sk\u00f3g snemma a\u00f0 morgni.<br \/>\nSt\u00e6r\u00f0: 150ml<\/p>\n<p>Ilmstangir sem ilma einstaklega vel og endast lengi.<br \/>\nG\u00f3\u00f0ur ilmur gerir andr\u00famslofti\u00f0 notalegra inn\u00e1 hva\u00f0a r\u00fdmi sem er.<\/p>","protected":false},"featured_media":61970,"comment_status":"open","ping_status":"closed","template":"","meta":[],"product_brand":[],"product_cat":[123,200,180,136],"product_tag":[],"class_list":{"0":"post-61969","1":"product","2":"type-product","3":"status-publish","4":"has-post-thumbnail","6":"product_cat-ilmstangir","7":"product_cat-ilmstangir-oliur","8":"product_cat-ilmvorur","9":"product_cat-jol","11":"first","12":"instock","13":"shipping-taxable","14":"purchasable","15":"product-type-simple"},"_links":{"self":[{"href":"https:\/\/ilmoliulampar.is\/en_gb\/wp-json\/wp\/v2\/product\/61969","targetHints":{"allow":["GET"]}}],"collection":[{"href":"https:\/\/ilmoliulampar.is\/en_gb\/wp-json\/wp\/v2\/product"}],"about":[{"href":"https:\/\/ilmoliulampar.is\/en_gb\/wp-json\/wp\/v2\/types\/product"}],"replies":[{"embeddable":true,"href":"https:\/\/ilmoliulampar.is\/en_gb\/wp-json\/wp\/v2\/comments?post=61969"}],"wp:featuredmedia":[{"embeddable":true,"href":"https:\/\/ilmoliulampar.is\/en_gb\/wp-json\/wp\/v2\/media\/61970"}],"wp:attachment":[{"href":"https:\/\/ilmoliulampar.is\/en_gb\/wp-json\/wp\/v2\/media?parent=61969"}],"wp:term":[{"taxonomy":"product_brand","embeddable":true,"href":"https:\/\/ilmoliulampar.is\/en_gb\/wp-json\/wp\/v2\/product_brand?post=61969"},{"taxonomy":"product_cat","embeddable":true,"href":"https:\/\/ilmoliulampar.is\/en_gb\/wp-json\/wp\/v2\/product_cat?post=61969"},{"taxonomy":"product_tag","embeddable":true,"href":"https:\/\/ilmoliulampar.is\/en_gb\/wp-json\/wp\/v2\/product_tag?post=61969"}],"curies":[{"name":"wp","href":"https:\/\/api.w.org\/{rel}","templated":true}]}}