{"id":62114,"date":"2024-12-10T17:21:51","date_gmt":"2024-12-10T17:21:51","guid":{"rendered":"https:\/\/ilmoliulampar.is\/?post_type=product&#038;p=62114"},"modified":"2026-02-10T11:25:21","modified_gmt":"2026-02-10T11:25:21","slug":"cara-ilmoliulampi","status":"publish","type":"product","link":"https:\/\/ilmoliulampar.is\/en_gb\/product\/cara-ilmoliulampi\/","title":{"rendered":"CARA &#8211; ilmol\u00edulampi"},"content":{"rendered":"","protected":false},"excerpt":{"rendered":"<p>CARA er st\u00edlhreinn og fallegur ilmol\u00edulampi.<br \/>\nGleri\u00f0 er br\u00fant og l\u00fdsingin er einstaklega mj\u00fak &amp; falleg.<\/p>\n<p>Me\u00f0 \u00fev\u00ed a\u00f0 b\u00e6ta vi\u00f0 kranavatni og nokkrum dropum af upp\u00e1halds ilmol\u00edunni \u00feinni \u00ed \u00fa\u00f0ann, mun hann me\u00f0 \u00fev\u00ed a\u00f0 \u00fdta \u00e1 einn takka, um lei\u00f0 veita hitalausu og algj\u00f6rlega \u00f6ruggu f\u00ednu misti af ilmandi gufu \u00ed andr\u00famslofti\u00f0 til a\u00f0 \u00f6rva skilningarvitin og leyfa \u00fe\u00e9r a\u00f0 s\u00f6kkva ofan \u00ed afslappandi heim heilunar og jafnv\u00e6gis. Tali\u00f0 er a\u00f0 \u00feetta s\u00e9 besta lei\u00f0in til a\u00f0 \u00fa\u00f0a ilmi \u00ed andr\u00famslofti\u00f0, \u00fear sem enginn hiti er nota\u00f0ur og ol\u00edurnar brotna ekki ni\u00f0ur.<\/p>\n<p>CARA ilmol\u00edulamparnir hafa einnig \u00fa\u00f0astj\u00f3rnun sem skiptir sj\u00e1lfkrafa um \u00fa\u00f0un og gufu me\u00f0 sek\u00fandna millibili, sem er tilvali\u00f0 \u00feegar nota skal sterkari ilm.<\/p>\n<p>Ef \u00fe\u00fa notar \u00fa\u00f0ann \u00e1n ol\u00edu og ilms, getur\u00f0u samt sem \u00e1\u00f0ur noti\u00f0 rakans af \u00fa\u00f0anum en hann er tilvalinn til a\u00f0 vinna m\u00f3t \u00feurrki sem skapast af n\u00fat\u00edma upphitun og loftk\u00e6lingu.<\/p>\n<p>CARA slekkur \u00e1 s\u00e9r sj\u00e1lfur \u00feegar vatni\u00f0 fer ni\u00f0ur fyrir \u00e1kve\u00f0in m\u00f6rk, sem \u00fe\u00fd\u00f0ir a\u00f0 hann er fullkomlega \u00f6ruggur og tilvalinn til notkunar innan um b\u00f6rn og h\u00fasd\u00fdr.<\/p>\n<p>CARA er rakat\u00e6ki \u2013 j\u00f3nat\u00e6ki \u2013 hreinsun \u00e1 lofti \u2013 ilmgjafi ef vill og l\u00edti\u00f0 fallegt lj\u00f3s.<\/p>\n<p>St\u00e6r\u00f0: 10.4 cm x 15,4 cm<\/p>\n<p>Kraftur: 7 w<\/p>\n<p>DC 24V<\/p>\n<p>Vatnsmagn: 120 ml, lamparnir virka \u00feannig a\u00f0 \u00a0\u00feegar vatnsmagni\u00f0 er um \u00fea\u00f0 bil h\u00e1lfna\u00f0 \u00ed tankinum \u00fe\u00e1 slekkur lampinn \u00e1 s\u00e9r, en \u00fe\u00e1 \u00fearf a\u00f0 kveikja aftur \u00e1 gufunni me\u00f0 gufu-takkanum og \u00fe\u00e1 kl\u00e1rar hann vatni\u00f0 alveg og slekkur svo \u00e1 s\u00e9r.<\/p>\n<p>&nbsp;<\/p>","protected":false},"featured_media":62118,"comment_status":"open","ping_status":"closed","template":"","meta":[],"product_brand":[],"product_cat":[182,107],"product_tag":[],"class_list":{"0":"post-62114","1":"product","2":"type-product","3":"status-publish","4":"has-post-thumbnail","6":"product_cat-ilmoliulampar","7":"product_cat-lampar","9":"first","10":"outofstock","11":"shipping-taxable","12":"purchasable","13":"product-type-simple"},"_links":{"self":[{"href":"https:\/\/ilmoliulampar.is\/en_gb\/wp-json\/wp\/v2\/product\/62114","targetHints":{"allow":["GET"]}}],"collection":[{"href":"https:\/\/ilmoliulampar.is\/en_gb\/wp-json\/wp\/v2\/product"}],"about":[{"href":"https:\/\/ilmoliulampar.is\/en_gb\/wp-json\/wp\/v2\/types\/product"}],"replies":[{"embeddable":true,"href":"https:\/\/ilmoliulampar.is\/en_gb\/wp-json\/wp\/v2\/comments?post=62114"}],"wp:featuredmedia":[{"embeddable":true,"href":"https:\/\/ilmoliulampar.is\/en_gb\/wp-json\/wp\/v2\/media\/62118"}],"wp:attachment":[{"href":"https:\/\/ilmoliulampar.is\/en_gb\/wp-json\/wp\/v2\/media?parent=62114"}],"wp:term":[{"taxonomy":"product_brand","embeddable":true,"href":"https:\/\/ilmoliulampar.is\/en_gb\/wp-json\/wp\/v2\/product_brand?post=62114"},{"taxonomy":"product_cat","embeddable":true,"href":"https:\/\/ilmoliulampar.is\/en_gb\/wp-json\/wp\/v2\/product_cat?post=62114"},{"taxonomy":"product_tag","embeddable":true,"href":"https:\/\/ilmoliulampar.is\/en_gb\/wp-json\/wp\/v2\/product_tag?post=62114"}],"curies":[{"name":"wp","href":"https:\/\/api.w.org\/{rel}","templated":true}]}}