{"id":62127,"date":"2024-12-11T11:07:52","date_gmt":"2024-12-11T11:07:52","guid":{"rendered":"https:\/\/ilmoliulampar.is\/?post_type=product&#038;p=62127"},"modified":"2026-04-03T21:09:35","modified_gmt":"2026-04-03T21:09:35","slug":"bordlampi-daisy","status":"publish","type":"product","link":"https:\/\/ilmoliulampar.is\/en_gb\/product\/bordlampi-daisy\/","title":{"rendered":"Bor\u00f0lampi &#8211; Yorkshire Terrier hundur"},"content":{"rendered":"","protected":false},"excerpt":{"rendered":"<p>\u00d3tr\u00falega s\u00e6tur &amp; vanda\u00f0ur bor\u00f0lampi fr\u00e1 Werner Voss<\/p>\n<p>St\u00e6r\u00f0<br \/>\nLengd 40 cm<br \/>\nBreidd 17cm<br \/>\nH\u00e6\u00f0 33 cm<\/p>\n<p>Kapallinn er 2 metra langur og perust\u00e6\u00f0i\u00f0 er fyrir E14 peru ( ATH Pera fylgir ekki me\u00f0 )<\/p>","protected":false},"featured_media":62128,"comment_status":"open","ping_status":"closed","template":"","meta":[],"product_brand":[],"product_cat":[184,132,107],"product_tag":[],"class_list":{"0":"post-62127","1":"product","2":"type-product","3":"status-publish","4":"has-post-thumbnail","6":"product_cat-bordlampar","7":"product_cat-heimilid-2","8":"product_cat-lampar","10":"first","11":"instock","12":"shipping-taxable","13":"purchasable","14":"product-type-simple"},"_links":{"self":[{"href":"https:\/\/ilmoliulampar.is\/en_gb\/wp-json\/wp\/v2\/product\/62127","targetHints":{"allow":["GET"]}}],"collection":[{"href":"https:\/\/ilmoliulampar.is\/en_gb\/wp-json\/wp\/v2\/product"}],"about":[{"href":"https:\/\/ilmoliulampar.is\/en_gb\/wp-json\/wp\/v2\/types\/product"}],"replies":[{"embeddable":true,"href":"https:\/\/ilmoliulampar.is\/en_gb\/wp-json\/wp\/v2\/comments?post=62127"}],"wp:featuredmedia":[{"embeddable":true,"href":"https:\/\/ilmoliulampar.is\/en_gb\/wp-json\/wp\/v2\/media\/62128"}],"wp:attachment":[{"href":"https:\/\/ilmoliulampar.is\/en_gb\/wp-json\/wp\/v2\/media?parent=62127"}],"wp:term":[{"taxonomy":"product_brand","embeddable":true,"href":"https:\/\/ilmoliulampar.is\/en_gb\/wp-json\/wp\/v2\/product_brand?post=62127"},{"taxonomy":"product_cat","embeddable":true,"href":"https:\/\/ilmoliulampar.is\/en_gb\/wp-json\/wp\/v2\/product_cat?post=62127"},{"taxonomy":"product_tag","embeddable":true,"href":"https:\/\/ilmoliulampar.is\/en_gb\/wp-json\/wp\/v2\/product_tag?post=62127"}],"curies":[{"name":"wp","href":"https:\/\/api.w.org\/{rel}","templated":true}]}}