{"id":62171,"date":"2024-12-14T11:19:34","date_gmt":"2024-12-14T11:19:34","guid":{"rendered":"https:\/\/ilmoliulampar.is\/?post_type=product&#038;p=62171"},"modified":"2026-01-29T13:36:23","modified_gmt":"2026-01-29T13:36:23","slug":"angel-hotty-lotty-par","status":"publish","type":"product","link":"https:\/\/ilmoliulampar.is\/en_gb\/product\/angel-hotty-lotty-par\/","title":{"rendered":"Angel Hotty &#038; Lotty &#8211; par"},"content":{"rendered":"","protected":false},"excerpt":{"rendered":"<p>Angel Hotty &amp; Lotty koma 2 saman silfur &amp; gull<br \/>\nKoma einnig \u00ed 2 st\u00e6r\u00f0um<\/p>\n<p>St\u00e6rra Pari\u00f0<br \/>\nH\u00e6\u00f0 21<br \/>\nBreidd 9 cm<\/p>\n<p>Minna pari\u00f0<br \/>\nH\u00e6\u00f0 15 cm<br \/>\nBreidd 7 cm<\/p>","protected":false},"featured_media":62172,"comment_status":"open","ping_status":"closed","template":"","meta":[],"product_brand":[],"product_cat":[132,136,251],"product_tag":[],"class_list":{"0":"post-62171","1":"product","2":"type-product","3":"status-publish","4":"has-post-thumbnail","6":"product_cat-heimilid-2","7":"product_cat-jol","8":"product_cat-stytturogskulpturar","10":"first","11":"instock","12":"shipping-taxable","13":"purchasable","14":"product-type-variable"},"_links":{"self":[{"href":"https:\/\/ilmoliulampar.is\/en_gb\/wp-json\/wp\/v2\/product\/62171","targetHints":{"allow":["GET"]}}],"collection":[{"href":"https:\/\/ilmoliulampar.is\/en_gb\/wp-json\/wp\/v2\/product"}],"about":[{"href":"https:\/\/ilmoliulampar.is\/en_gb\/wp-json\/wp\/v2\/types\/product"}],"replies":[{"embeddable":true,"href":"https:\/\/ilmoliulampar.is\/en_gb\/wp-json\/wp\/v2\/comments?post=62171"}],"wp:featuredmedia":[{"embeddable":true,"href":"https:\/\/ilmoliulampar.is\/en_gb\/wp-json\/wp\/v2\/media\/62172"}],"wp:attachment":[{"href":"https:\/\/ilmoliulampar.is\/en_gb\/wp-json\/wp\/v2\/media?parent=62171"}],"wp:term":[{"taxonomy":"product_brand","embeddable":true,"href":"https:\/\/ilmoliulampar.is\/en_gb\/wp-json\/wp\/v2\/product_brand?post=62171"},{"taxonomy":"product_cat","embeddable":true,"href":"https:\/\/ilmoliulampar.is\/en_gb\/wp-json\/wp\/v2\/product_cat?post=62171"},{"taxonomy":"product_tag","embeddable":true,"href":"https:\/\/ilmoliulampar.is\/en_gb\/wp-json\/wp\/v2\/product_tag?post=62171"}],"curies":[{"name":"wp","href":"https:\/\/api.w.org\/{rel}","templated":true}]}}