{"id":62197,"date":"2024-12-16T11:32:14","date_gmt":"2024-12-16T11:32:14","guid":{"rendered":"https:\/\/ilmoliulampar.is\/?post_type=product&#038;p=62197"},"modified":"2024-12-16T11:32:14","modified_gmt":"2024-12-16T11:32:14","slug":"keramik-vasi-fuglar","status":"publish","type":"product","link":"https:\/\/ilmoliulampar.is\/en_gb\/product\/keramik-vasi-fuglar\/","title":{"rendered":"Keramik Vasi &#8211; Fuglar"},"content":{"rendered":"","protected":false},"excerpt":{"rendered":"<p>\u00d3tr\u00falega flottur og vanda\u00f0ur kermaik vas fr\u00e1 Werner Voss<\/p>\n<p>St\u00e6r\u00f0<br \/>\nH\u00e6\u00f0 : 27 cm<br \/>\nBreidd : 23 cm<\/p>","protected":false},"featured_media":62198,"comment_status":"open","ping_status":"closed","template":"","meta":[],"product_brand":[],"product_cat":[250,132],"product_tag":[],"class_list":{"0":"post-62197","1":"product","2":"type-product","3":"status-publish","4":"has-post-thumbnail","6":"product_cat-blomapottarvasar","7":"product_cat-heimilid-2","9":"first","10":"instock","11":"shipping-taxable","12":"purchasable","13":"product-type-simple"},"_links":{"self":[{"href":"https:\/\/ilmoliulampar.is\/en_gb\/wp-json\/wp\/v2\/product\/62197","targetHints":{"allow":["GET"]}}],"collection":[{"href":"https:\/\/ilmoliulampar.is\/en_gb\/wp-json\/wp\/v2\/product"}],"about":[{"href":"https:\/\/ilmoliulampar.is\/en_gb\/wp-json\/wp\/v2\/types\/product"}],"replies":[{"embeddable":true,"href":"https:\/\/ilmoliulampar.is\/en_gb\/wp-json\/wp\/v2\/comments?post=62197"}],"wp:featuredmedia":[{"embeddable":true,"href":"https:\/\/ilmoliulampar.is\/en_gb\/wp-json\/wp\/v2\/media\/62198"}],"wp:attachment":[{"href":"https:\/\/ilmoliulampar.is\/en_gb\/wp-json\/wp\/v2\/media?parent=62197"}],"wp:term":[{"taxonomy":"product_brand","embeddable":true,"href":"https:\/\/ilmoliulampar.is\/en_gb\/wp-json\/wp\/v2\/product_brand?post=62197"},{"taxonomy":"product_cat","embeddable":true,"href":"https:\/\/ilmoliulampar.is\/en_gb\/wp-json\/wp\/v2\/product_cat?post=62197"},{"taxonomy":"product_tag","embeddable":true,"href":"https:\/\/ilmoliulampar.is\/en_gb\/wp-json\/wp\/v2\/product_tag?post=62197"}],"curies":[{"name":"wp","href":"https:\/\/api.w.org\/{rel}","templated":true}]}}