{"id":62241,"date":"2024-12-17T14:14:47","date_gmt":"2024-12-17T14:14:47","guid":{"rendered":"https:\/\/ilmoliulampar.is\/?post_type=product&#038;p=62241"},"modified":"2024-12-17T15:20:21","modified_gmt":"2024-12-17T15:20:21","slug":"bold-uniq-fjolublatt-shampoo","status":"publish","type":"product","link":"https:\/\/ilmoliulampar.is\/en_gb\/product\/bold-uniq-fjolublatt-shampoo\/","title":{"rendered":"BOLD UNIQ &#8211; Fj\u00f3lubl\u00e1tt shampoo"},"content":{"rendered":"","protected":false},"excerpt":{"rendered":"<p>Bold Uniq er eitt vins\u00e6lasta fj\u00f3lublaa shampoo-i\u00f0 \u00ed amer\u00edku<\/p>\n<ul class=\"a-unordered-list a-vertical a-spacing-mini\">\n<li class=\"a-spacing-mini\"><span class=\"a-list-item\">The only paraben &amp; sulfate free purple shampoo ! Cruelty free &amp; vegan friendly! Contains intense violet pigments to counteract unwanted yellow hues. Purple toning shampoo is suitable for use on silver, gray, blonde, bleached and highlighted hair for a radiant, brighter color. <\/span><\/li>\n<li class=\"a-spacing-mini\"><span class=\"a-list-item\">Extend Time Between Expensive Salon Visits: Stronger than traditional blonding shampoos, the vivid violet of silver hair shampoo enhances hair color for ice cool blonde or dazzling silver\/ash tones. <\/span><\/li>\n<li class=\"a-spacing-mini\"><span class=\"a-list-item\">Shampoo For Blonde, Platinum &amp; Gray\/Silver Hair: Zero Yellow Purple shampoo neutralizes brassiness in blonde shades for high quality at-home hair care. Our hair products are recommended by hair stylists worldwide. <\/span><\/li>\n<li class=\"a-spacing-mini\"><span class=\"a-list-item\">Sulfate-Free Shampoo: SLS-free and paraben-free, blonde shampoo is formulated with Vitamin B5 derivative to soften hair strands and add shine in natural and color-treated blonde hair. <\/span><\/li>\n<li class=\"a-spacing-mini\"><span class=\"a-list-item\">Innovative UV Filters: Purple shampoo use protects your hair color against fading caused by damaging ultraviolet radiation to maintain your perfect shade of blonde hair.<\/span><\/li>\n<\/ul>\n<p>240 ML<\/p>","protected":false},"featured_media":62242,"comment_status":"open","ping_status":"closed","template":"","meta":[],"product_brand":[],"product_cat":[112,191],"product_tag":[],"class_list":{"0":"post-62241","1":"product","2":"type-product","3":"status-publish","4":"has-post-thumbnail","6":"product_cat-adrar-vorur","7":"product_cat-hud-og-snyrtivorur","9":"first","10":"instock","11":"shipping-taxable","12":"purchasable","13":"product-type-simple"},"_links":{"self":[{"href":"https:\/\/ilmoliulampar.is\/en_gb\/wp-json\/wp\/v2\/product\/62241","targetHints":{"allow":["GET"]}}],"collection":[{"href":"https:\/\/ilmoliulampar.is\/en_gb\/wp-json\/wp\/v2\/product"}],"about":[{"href":"https:\/\/ilmoliulampar.is\/en_gb\/wp-json\/wp\/v2\/types\/product"}],"replies":[{"embeddable":true,"href":"https:\/\/ilmoliulampar.is\/en_gb\/wp-json\/wp\/v2\/comments?post=62241"}],"wp:featuredmedia":[{"embeddable":true,"href":"https:\/\/ilmoliulampar.is\/en_gb\/wp-json\/wp\/v2\/media\/62242"}],"wp:attachment":[{"href":"https:\/\/ilmoliulampar.is\/en_gb\/wp-json\/wp\/v2\/media?parent=62241"}],"wp:term":[{"taxonomy":"product_brand","embeddable":true,"href":"https:\/\/ilmoliulampar.is\/en_gb\/wp-json\/wp\/v2\/product_brand?post=62241"},{"taxonomy":"product_cat","embeddable":true,"href":"https:\/\/ilmoliulampar.is\/en_gb\/wp-json\/wp\/v2\/product_cat?post=62241"},{"taxonomy":"product_tag","embeddable":true,"href":"https:\/\/ilmoliulampar.is\/en_gb\/wp-json\/wp\/v2\/product_tag?post=62241"}],"curies":[{"name":"wp","href":"https:\/\/api.w.org\/{rel}","templated":true}]}}