{"id":62268,"date":"2025-01-15T06:55:48","date_gmt":"2025-01-15T06:55:48","guid":{"rendered":"https:\/\/ilmoliulampar.is\/?post_type=product&#038;p=62268"},"modified":"2025-01-29T21:50:58","modified_gmt":"2025-01-29T21:50:58","slug":"basic-gift-card","status":"publish","type":"product","link":"https:\/\/ilmoliulampar.is\/en_gb\/product\/basic-gift-card\/","title":{"rendered":"Gjafakort"},"content":{"rendered":"<p>\u00de\u00fa velur upph\u00e6\u00f0ina og gjafakorti\u00f0 er sent til vi\u00f0komandi.<\/p>","protected":false},"excerpt":{"rendered":"<p>\u00de\u00fa velur upph\u00e6\u00f0ina og gjafakorti\u00f0 er sent til vi\u00f0komandi.<\/p>","protected":false},"featured_media":62289,"comment_status":"open","ping_status":"closed","template":"","meta":[],"product_brand":[],"product_cat":[261],"product_tag":[],"class_list":{"0":"post-62268","1":"product","2":"type-product","3":"status-publish","4":"has-post-thumbnail","6":"product_cat-gjafakort","8":"first","9":"instock","10":"shipping-taxable","11":"purchasable","12":"product-type-variable"},"_links":{"self":[{"href":"https:\/\/ilmoliulampar.is\/en_gb\/wp-json\/wp\/v2\/product\/62268","targetHints":{"allow":["GET"]}}],"collection":[{"href":"https:\/\/ilmoliulampar.is\/en_gb\/wp-json\/wp\/v2\/product"}],"about":[{"href":"https:\/\/ilmoliulampar.is\/en_gb\/wp-json\/wp\/v2\/types\/product"}],"replies":[{"embeddable":true,"href":"https:\/\/ilmoliulampar.is\/en_gb\/wp-json\/wp\/v2\/comments?post=62268"}],"wp:featuredmedia":[{"embeddable":true,"href":"https:\/\/ilmoliulampar.is\/en_gb\/wp-json\/wp\/v2\/media\/62289"}],"wp:attachment":[{"href":"https:\/\/ilmoliulampar.is\/en_gb\/wp-json\/wp\/v2\/media?parent=62268"}],"wp:term":[{"taxonomy":"product_brand","embeddable":true,"href":"https:\/\/ilmoliulampar.is\/en_gb\/wp-json\/wp\/v2\/product_brand?post=62268"},{"taxonomy":"product_cat","embeddable":true,"href":"https:\/\/ilmoliulampar.is\/en_gb\/wp-json\/wp\/v2\/product_cat?post=62268"},{"taxonomy":"product_tag","embeddable":true,"href":"https:\/\/ilmoliulampar.is\/en_gb\/wp-json\/wp\/v2\/product_tag?post=62268"}],"curies":[{"name":"wp","href":"https:\/\/api.w.org\/{rel}","templated":true}]}}