{"id":62384,"date":"2025-01-06T13:32:44","date_gmt":"2025-01-06T13:32:44","guid":{"rendered":"https:\/\/ilmoliulampar.is\/?post_type=product&#038;p=62384"},"modified":"2026-02-12T14:55:10","modified_gmt":"2026-02-12T14:55:10","slug":"areon-afylling-vanilla-black-260ml","status":"publish","type":"product","link":"https:\/\/ilmoliulampar.is\/en_gb\/product\/areon-afylling-vanilla-black-260ml\/","title":{"rendered":"Vanilla Black &#8211; \u00e1fylling \u00ed ilmstangir"},"content":{"rendered":"","protected":false},"excerpt":{"rendered":"<p>Vins\u00e6li ilmurinn Vanilla Black fr\u00e1 Aeron \u00ed 260 ml \u00e1fyllingu!<\/p>\n<p>Ilmurinn fyllir r\u00fdmi\u00f0 af notalegri stemmingu.<br \/>\n\u00c1fyllingin er 260 ml og er tilvalin til \u00feessa a\u00f0 fylla \u00e1 fallegu ilmstangar gl\u00f6sin fr\u00e1 Areon.<br \/>\nVanilla Black er heillandi og \u00fe\u00e6ginlegur ilmur sem fyllir r\u00fdmi\u00f0 af notalegri stemmingu.<\/p>\n<p>Ilmurinn samanstendur af s\u00e6tri vanillu \u00e1samt rista\u00f0ri karamellu, vanillufr\u00e6jum og dj\u00fapum kryddu\u00f0um undirt\u00f3n.<\/p>","protected":false},"featured_media":62385,"comment_status":"open","ping_status":"closed","template":"","meta":[],"product_brand":[],"product_cat":[123,200,180],"product_tag":[],"class_list":{"0":"post-62384","1":"product","2":"type-product","3":"status-publish","4":"has-post-thumbnail","6":"product_cat-ilmstangir","7":"product_cat-ilmstangir-oliur","8":"product_cat-ilmvorur","10":"first","11":"instock","12":"shipping-taxable","13":"purchasable","14":"product-type-simple"},"_links":{"self":[{"href":"https:\/\/ilmoliulampar.is\/en_gb\/wp-json\/wp\/v2\/product\/62384","targetHints":{"allow":["GET"]}}],"collection":[{"href":"https:\/\/ilmoliulampar.is\/en_gb\/wp-json\/wp\/v2\/product"}],"about":[{"href":"https:\/\/ilmoliulampar.is\/en_gb\/wp-json\/wp\/v2\/types\/product"}],"replies":[{"embeddable":true,"href":"https:\/\/ilmoliulampar.is\/en_gb\/wp-json\/wp\/v2\/comments?post=62384"}],"wp:featuredmedia":[{"embeddable":true,"href":"https:\/\/ilmoliulampar.is\/en_gb\/wp-json\/wp\/v2\/media\/62385"}],"wp:attachment":[{"href":"https:\/\/ilmoliulampar.is\/en_gb\/wp-json\/wp\/v2\/media?parent=62384"}],"wp:term":[{"taxonomy":"product_brand","embeddable":true,"href":"https:\/\/ilmoliulampar.is\/en_gb\/wp-json\/wp\/v2\/product_brand?post=62384"},{"taxonomy":"product_cat","embeddable":true,"href":"https:\/\/ilmoliulampar.is\/en_gb\/wp-json\/wp\/v2\/product_cat?post=62384"},{"taxonomy":"product_tag","embeddable":true,"href":"https:\/\/ilmoliulampar.is\/en_gb\/wp-json\/wp\/v2\/product_tag?post=62384"}],"curies":[{"name":"wp","href":"https:\/\/api.w.org\/{rel}","templated":true}]}}