{"id":62396,"date":"2025-01-07T16:41:27","date_gmt":"2025-01-07T16:41:27","guid":{"rendered":"https:\/\/ilmoliulampar.is\/?post_type=product&#038;p=62396"},"modified":"2025-11-24T17:33:04","modified_gmt":"2025-11-24T17:33:04","slug":"keramik-krukka-med-loki","status":"publish","type":"product","link":"https:\/\/ilmoliulampar.is\/en_gb\/product\/keramik-krukka-med-loki\/","title":{"rendered":"Keramik krukka me\u00f0 loki"},"content":{"rendered":"","protected":false},"excerpt":{"rendered":"<p>Gr\u00e6n keramik krukka me\u00f0 vi\u00f0ar loki.<\/p>\n<p>St\u00e6r\u00f0<br \/>\nH\u00e6\u00f0 : 20 cm<br \/>\nBreidd : 13,5 cm<\/p>","protected":false},"featured_media":62397,"comment_status":"open","ping_status":"closed","template":"","meta":[],"product_brand":[],"product_cat":[132,230],"product_tag":[],"class_list":{"0":"post-62396","1":"product","2":"type-product","3":"status-publish","4":"has-post-thumbnail","6":"product_cat-heimilid-2","7":"product_cat-laekkadverd","9":"first","10":"instock","11":"sale","12":"shipping-taxable","13":"purchasable","14":"product-type-simple"},"_links":{"self":[{"href":"https:\/\/ilmoliulampar.is\/en_gb\/wp-json\/wp\/v2\/product\/62396","targetHints":{"allow":["GET"]}}],"collection":[{"href":"https:\/\/ilmoliulampar.is\/en_gb\/wp-json\/wp\/v2\/product"}],"about":[{"href":"https:\/\/ilmoliulampar.is\/en_gb\/wp-json\/wp\/v2\/types\/product"}],"replies":[{"embeddable":true,"href":"https:\/\/ilmoliulampar.is\/en_gb\/wp-json\/wp\/v2\/comments?post=62396"}],"wp:featuredmedia":[{"embeddable":true,"href":"https:\/\/ilmoliulampar.is\/en_gb\/wp-json\/wp\/v2\/media\/62397"}],"wp:attachment":[{"href":"https:\/\/ilmoliulampar.is\/en_gb\/wp-json\/wp\/v2\/media?parent=62396"}],"wp:term":[{"taxonomy":"product_brand","embeddable":true,"href":"https:\/\/ilmoliulampar.is\/en_gb\/wp-json\/wp\/v2\/product_brand?post=62396"},{"taxonomy":"product_cat","embeddable":true,"href":"https:\/\/ilmoliulampar.is\/en_gb\/wp-json\/wp\/v2\/product_cat?post=62396"},{"taxonomy":"product_tag","embeddable":true,"href":"https:\/\/ilmoliulampar.is\/en_gb\/wp-json\/wp\/v2\/product_tag?post=62396"}],"curies":[{"name":"wp","href":"https:\/\/api.w.org\/{rel}","templated":true}]}}