{"id":62398,"date":"2025-01-07T16:51:27","date_gmt":"2025-01-07T16:51:27","guid":{"rendered":"https:\/\/ilmoliulampar.is\/?post_type=product&#038;p=62398"},"modified":"2026-01-27T13:15:51","modified_gmt":"2026-01-27T13:15:51","slug":"sandalwood-patchouli-ilmstangir-2-staerdir","status":"publish","type":"product","link":"https:\/\/ilmoliulampar.is\/en_gb\/product\/sandalwood-patchouli-ilmstangir-2-staerdir\/","title":{"rendered":"Sandalwood &#038; Patchouli &#8211; ilmstangir &#8211; 2 st\u00e6r\u00f0ir"},"content":{"rendered":"","protected":false},"excerpt":{"rendered":"<p>A sophisticated, luxurious and captivating scent.<br \/>\nPrecious sandalwood and celestial patchouli married with delicate floral and soft leather notes to create an exceptional fragrance.<\/p>\n<p>Inspired by the rich tapestry of Middle Eastern scents, the Riad collection offers a sensory journey through opulent spaces. With a harmonious blend of rich notes and exquisite ingredients, these fragrances transform any environment into a haven of refined elegance.<\/p>\n<p>NOTES: Sandalwood, Cardamom, Bergamot, Labdanum, Rose, Violet, Patchouli, Leather &amp; Cedarwood<\/p>\n<p>Kemur \u00ed 2 st\u00e6r\u00f0um<br \/>\n180 ml endist \u00ed 12 + vikur<br \/>\n500 ml endist \u00ed 20 + vikur<\/p>","protected":false},"featured_media":62400,"comment_status":"open","ping_status":"closed","template":"","meta":[],"product_brand":[],"product_cat":[123,200,180],"product_tag":[],"class_list":{"0":"post-62398","1":"product","2":"type-product","3":"status-publish","4":"has-post-thumbnail","6":"product_cat-ilmstangir","7":"product_cat-ilmstangir-oliur","8":"product_cat-ilmvorur","10":"first","11":"instock","12":"shipping-taxable","13":"purchasable","14":"product-type-variable"},"_links":{"self":[{"href":"https:\/\/ilmoliulampar.is\/en_gb\/wp-json\/wp\/v2\/product\/62398","targetHints":{"allow":["GET"]}}],"collection":[{"href":"https:\/\/ilmoliulampar.is\/en_gb\/wp-json\/wp\/v2\/product"}],"about":[{"href":"https:\/\/ilmoliulampar.is\/en_gb\/wp-json\/wp\/v2\/types\/product"}],"replies":[{"embeddable":true,"href":"https:\/\/ilmoliulampar.is\/en_gb\/wp-json\/wp\/v2\/comments?post=62398"}],"wp:featuredmedia":[{"embeddable":true,"href":"https:\/\/ilmoliulampar.is\/en_gb\/wp-json\/wp\/v2\/media\/62400"}],"wp:attachment":[{"href":"https:\/\/ilmoliulampar.is\/en_gb\/wp-json\/wp\/v2\/media?parent=62398"}],"wp:term":[{"taxonomy":"product_brand","embeddable":true,"href":"https:\/\/ilmoliulampar.is\/en_gb\/wp-json\/wp\/v2\/product_brand?post=62398"},{"taxonomy":"product_cat","embeddable":true,"href":"https:\/\/ilmoliulampar.is\/en_gb\/wp-json\/wp\/v2\/product_cat?post=62398"},{"taxonomy":"product_tag","embeddable":true,"href":"https:\/\/ilmoliulampar.is\/en_gb\/wp-json\/wp\/v2\/product_tag?post=62398"}],"curies":[{"name":"wp","href":"https:\/\/api.w.org\/{rel}","templated":true}]}}