{"id":62410,"date":"2025-01-07T16:59:13","date_gmt":"2025-01-07T16:59:13","guid":{"rendered":"https:\/\/ilmoliulampar.is\/?post_type=product&#038;p=62410"},"modified":"2026-01-27T13:14:50","modified_gmt":"2026-01-27T13:14:50","slug":"royal-agar-oud-ilmstangir-2-staerdir","status":"publish","type":"product","link":"https:\/\/ilmoliulampar.is\/en_gb\/product\/royal-agar-oud-ilmstangir-2-staerdir\/","title":{"rendered":"Royal Agar Oud &#8211; ilmstangir &#8211; 2 st\u00e6r\u00f0ir"},"content":{"rendered":"","protected":false},"excerpt":{"rendered":"<p>Royal Agar Oud takes you on a journey with its sophisticated blend of exotic ingredients. An intense and luxurious fragrance that is mysterious, warm and comforting.<\/p>\n<p>Inspired by the rich tapestry of Middle Eastern scents, the Riad collection offers a sensory journey through opulent spaces. With a harmonious blend of rich notes and exquisite ingredients, these fragrances transform any environment into a haven of refined elegance.<\/p>\n<p>NOTES: Tropical Agar Oud, Exotic Rosewood, Cardamom, Chinese Pepper, Sandalwood, Vetiver, Tonka Bean, Vanilla &amp; Amber<\/p>\n<p>Kemur \u00ed 2 st\u00e6r\u00f0um<br \/>\n180 ml endist \u00ed 12 + vikur<br \/>\n500 ml endist \u00ed 20 + vikur<\/p>","protected":false},"featured_media":62401,"comment_status":"open","ping_status":"closed","template":"","meta":[],"product_brand":[],"product_cat":[123,200,180],"product_tag":[],"class_list":{"0":"post-62410","1":"product","2":"type-product","3":"status-publish","4":"has-post-thumbnail","6":"product_cat-ilmstangir","7":"product_cat-ilmstangir-oliur","8":"product_cat-ilmvorur","10":"first","11":"instock","12":"shipping-taxable","13":"purchasable","14":"product-type-variable"},"_links":{"self":[{"href":"https:\/\/ilmoliulampar.is\/en_gb\/wp-json\/wp\/v2\/product\/62410","targetHints":{"allow":["GET"]}}],"collection":[{"href":"https:\/\/ilmoliulampar.is\/en_gb\/wp-json\/wp\/v2\/product"}],"about":[{"href":"https:\/\/ilmoliulampar.is\/en_gb\/wp-json\/wp\/v2\/types\/product"}],"replies":[{"embeddable":true,"href":"https:\/\/ilmoliulampar.is\/en_gb\/wp-json\/wp\/v2\/comments?post=62410"}],"wp:featuredmedia":[{"embeddable":true,"href":"https:\/\/ilmoliulampar.is\/en_gb\/wp-json\/wp\/v2\/media\/62401"}],"wp:attachment":[{"href":"https:\/\/ilmoliulampar.is\/en_gb\/wp-json\/wp\/v2\/media?parent=62410"}],"wp:term":[{"taxonomy":"product_brand","embeddable":true,"href":"https:\/\/ilmoliulampar.is\/en_gb\/wp-json\/wp\/v2\/product_brand?post=62410"},{"taxonomy":"product_cat","embeddable":true,"href":"https:\/\/ilmoliulampar.is\/en_gb\/wp-json\/wp\/v2\/product_cat?post=62410"},{"taxonomy":"product_tag","embeddable":true,"href":"https:\/\/ilmoliulampar.is\/en_gb\/wp-json\/wp\/v2\/product_tag?post=62410"}],"curies":[{"name":"wp","href":"https:\/\/api.w.org\/{rel}","templated":true}]}}