{"id":62446,"date":"2025-01-10T16:10:21","date_gmt":"2025-01-10T16:10:21","guid":{"rendered":"https:\/\/ilmoliulampar.is\/?post_type=product&#038;p=62446"},"modified":"2025-06-10T21:28:41","modified_gmt":"2025-06-10T21:28:41","slug":"einstok-hilla-spegill-eik-kopar-spegill","status":"publish","type":"product","link":"https:\/\/ilmoliulampar.is\/en_gb\/product\/einstok-hilla-spegill-eik-kopar-spegill\/","title":{"rendered":"Einst\u00f6k hilla\/spegill     Eik, kopar"},"content":{"rendered":"<p>Einst\u00f6k hilla\/spegill fr\u00e1 Vips and Friends<\/p>\n<p>Shelf for mirror er 80 x 80 cm og 13 cm \u00e1 d\u00fdpt. \u00deetta er mj\u00f6g \u00feungur spegill\/hilla og \u00fe\u00fa s\u00e9r\u00f0 ekki svona hlut \u00e1 hverju heimili. Efni: Eik &#8211; kopar og spegill.<\/p>","protected":false},"excerpt":{"rendered":"<p>Einst\u00f6k hilla\/spegill fr\u00e1 Vips and Friends Shelf for mirror er 80 x 80 cm og 13 cm \u00e1 d\u00fdpt. \u00deetta er mj\u00f6g \u00feungur spegill\/hilla og \u00fe\u00fa s\u00e9r\u00f0 ekki svona hlut \u00e1 hverju heimili. Efni: Eik &#8211; kopar og spegill.<\/p>","protected":false},"featured_media":62451,"comment_status":"open","ping_status":"closed","template":"","meta":[],"product_brand":[],"product_cat":[132,249],"product_tag":[],"class_list":{"0":"post-62446","1":"product","2":"type-product","3":"status-publish","4":"has-post-thumbnail","6":"product_cat-heimilid-2","7":"product_cat-speglar","9":"first","10":"instock","11":"shipping-taxable","12":"purchasable","13":"product-type-simple"},"_links":{"self":[{"href":"https:\/\/ilmoliulampar.is\/en_gb\/wp-json\/wp\/v2\/product\/62446","targetHints":{"allow":["GET"]}}],"collection":[{"href":"https:\/\/ilmoliulampar.is\/en_gb\/wp-json\/wp\/v2\/product"}],"about":[{"href":"https:\/\/ilmoliulampar.is\/en_gb\/wp-json\/wp\/v2\/types\/product"}],"replies":[{"embeddable":true,"href":"https:\/\/ilmoliulampar.is\/en_gb\/wp-json\/wp\/v2\/comments?post=62446"}],"wp:featuredmedia":[{"embeddable":true,"href":"https:\/\/ilmoliulampar.is\/en_gb\/wp-json\/wp\/v2\/media\/62451"}],"wp:attachment":[{"href":"https:\/\/ilmoliulampar.is\/en_gb\/wp-json\/wp\/v2\/media?parent=62446"}],"wp:term":[{"taxonomy":"product_brand","embeddable":true,"href":"https:\/\/ilmoliulampar.is\/en_gb\/wp-json\/wp\/v2\/product_brand?post=62446"},{"taxonomy":"product_cat","embeddable":true,"href":"https:\/\/ilmoliulampar.is\/en_gb\/wp-json\/wp\/v2\/product_cat?post=62446"},{"taxonomy":"product_tag","embeddable":true,"href":"https:\/\/ilmoliulampar.is\/en_gb\/wp-json\/wp\/v2\/product_tag?post=62446"}],"curies":[{"name":"wp","href":"https:\/\/api.w.org\/{rel}","templated":true}]}}