{"id":62616,"date":"2025-01-20T16:56:52","date_gmt":"2025-01-20T16:56:52","guid":{"rendered":"https:\/\/ilmoliulampar.is\/?post_type=product&#038;p=62616"},"modified":"2025-04-16T20:44:16","modified_gmt":"2025-04-16T20:44:16","slug":"skilabod-i-peru-og-marmarastandur","status":"publish","type":"product","link":"https:\/\/ilmoliulampar.is\/en_gb\/product\/skilabod-i-peru-og-marmarastandur\/","title":{"rendered":"Skilabo\u00f0 \u00ed peru og marmarastandur"},"content":{"rendered":"","protected":false},"excerpt":{"rendered":"<p>N\u00fdtt fr\u00e1 MTB Skilabo\u00f0 \u00ed peru \u00e1 marmarastandi <3 \n\nH\u00e6gt er a velja um nokkur skilabo\u00f0 Marmarastandurinn er innifalinn \u00ed ver\u00f0inu \n\nSt\u00e6r\u00f0 \nPera :4 cm x L 45 cm\nSn\u00fara: L 150 cm\nMarmarastandur : L 48 cm x B 8 cm x H 6 cm\n<\/p>","protected":false},"featured_media":62617,"comment_status":"open","ping_status":"closed","template":"","meta":[],"product_brand":[],"product_cat":[184,107,150],"product_tag":[],"class_list":{"0":"post-62616","1":"product","2":"type-product","3":"status-publish","4":"has-post-thumbnail","6":"product_cat-bordlampar","7":"product_cat-lampar","8":"product_cat-skilabod-i-peru-og-lampar","10":"first","11":"instock","12":"shipping-taxable","13":"purchasable","14":"product-type-variable"},"_links":{"self":[{"href":"https:\/\/ilmoliulampar.is\/en_gb\/wp-json\/wp\/v2\/product\/62616","targetHints":{"allow":["GET"]}}],"collection":[{"href":"https:\/\/ilmoliulampar.is\/en_gb\/wp-json\/wp\/v2\/product"}],"about":[{"href":"https:\/\/ilmoliulampar.is\/en_gb\/wp-json\/wp\/v2\/types\/product"}],"replies":[{"embeddable":true,"href":"https:\/\/ilmoliulampar.is\/en_gb\/wp-json\/wp\/v2\/comments?post=62616"}],"wp:featuredmedia":[{"embeddable":true,"href":"https:\/\/ilmoliulampar.is\/en_gb\/wp-json\/wp\/v2\/media\/62617"}],"wp:attachment":[{"href":"https:\/\/ilmoliulampar.is\/en_gb\/wp-json\/wp\/v2\/media?parent=62616"}],"wp:term":[{"taxonomy":"product_brand","embeddable":true,"href":"https:\/\/ilmoliulampar.is\/en_gb\/wp-json\/wp\/v2\/product_brand?post=62616"},{"taxonomy":"product_cat","embeddable":true,"href":"https:\/\/ilmoliulampar.is\/en_gb\/wp-json\/wp\/v2\/product_cat?post=62616"},{"taxonomy":"product_tag","embeddable":true,"href":"https:\/\/ilmoliulampar.is\/en_gb\/wp-json\/wp\/v2\/product_tag?post=62616"}],"curies":[{"name":"wp","href":"https:\/\/api.w.org\/{rel}","templated":true}]}}